{"id":2,"date":"2022-01-27T17:32:25","date_gmt":"2022-01-27T17:32:25","guid":{"rendered":"http:\/\/sy-sindbad.com\/?page_id=2"},"modified":"2025-08-24T12:46:19","modified_gmt":"2025-08-24T12:46:19","slug":"about-me","status":"publish","type":"page","link":"http:\/\/sy-sindbad.com\/de\/about-me\/","title":{"rendered":"\u00dcber mich"},"content":{"rendered":"\n<div class=\"wp-block-media-text has-media-on-the-right is-stacked-on-mobile\"><div class=\"wp-block-media-text__content\">\n<p>Mein Name ist Leo. Ich wurde 2003 in Hamburg geboren. Verwurzelt im Norden Deutschlands lebe ich heute in L\u00fcbeck \u2013 und seit meinem zehnten Lebensjahr an Bord.<\/p>\n\n\n\n<p>Nun, mehr als zehn Jahre sp\u00e4ter, m\u00f6chte ich mir meinen Lebenstraum erf\u00fcllen. Die Leinen loswerfen, den Heimathafen verlassen. In den kommenden Jahren will ich die Welt und ihre Ozeane bereisen. Ich m\u00f6chte interessante Menschen treffen und bedeutsame Verbindungen kn\u00fcpfen. Ich bin bereit, in See zu stechen \u2013 mit Proviant, Ersatzteilen und Tr\u00e4umen von fernen Kulturen und unber\u00fchrter Natur an Bord.<\/p>\n\n\n\n<p><em>Das Abenteuer wartet \u2026<\/em><\/p>\n<\/div><figure class=\"wp-block-media-text__media\"><img loading=\"lazy\" decoding=\"async\" width=\"480\" height=\"600\" src=\"https:\/\/sy-sindbad.com\/wp-content\/uploads\/2025\/08\/baby-leo-auf-brucke-1.jpg\" alt=\"\" class=\"wp-image-517 size-full\" srcset=\"http:\/\/sy-sindbad.com\/wp-content\/uploads\/2025\/08\/baby-leo-auf-brucke-1.jpg 480w, http:\/\/sy-sindbad.com\/wp-content\/uploads\/2025\/08\/baby-leo-auf-brucke-1-240x300.jpg 240w\" sizes=\"auto, (max-width: 480px) 100vw, 480px\" \/><\/figure><\/div>\n\n\n\n<h3 class=\"wp-block-heading\">Sindbad und ich<\/h3>\n\n\n\n<p>Zum ersten Mal segelte ich 2011. An Bord von Sindbad fuhren meine Familie und ich hinaus in die L\u00fcbecker Bucht. In den folgenden Jahren segelten wir in die D\u00e4nische S\u00fcdsee und entlang der gesamten K\u00fcste Mecklenburg-Vorpommerns.<\/p>\n\n\n\n<p>2013 kauften meine Eltern ein zweites Boot: ein Fischereifahrzeug von 1958 mit moderner Segeltakelung. In nur sechs Monaten bauten wir das Innere des Schiffs zu einem gem\u00fctlichen Familienheim um. Ab Januar 2014 lebten wir dauerhaft an Bord der Krista Rud. Wann immer wir die Gelegenheit hatten, unternahmen wir wunderbare T\u00f6rns mit Krista \u2013 zu vielen d\u00e4nischen K\u00fcsten und Buchten, nach Schweden, nach Bornholm \u2026 Meine Segelkenntnisse wuchsen durch all diese Erfahrungen enorm. Doch Sindbad wurde immer seltener bewegt \u2013 und der Zustand der Segelyacht litt darunter.<\/p>\n\n\n\n<figure class=\"wp-block-image size-full\"><img loading=\"lazy\" decoding=\"async\" width=\"1600\" height=\"2272\" src=\"https:\/\/sy-sindbad.com\/wp-content\/uploads\/2025\/08\/image-5.png\" alt=\"\" class=\"wp-image-476\" srcset=\"http:\/\/sy-sindbad.com\/wp-content\/uploads\/2025\/08\/image-5.png 1600w, http:\/\/sy-sindbad.com\/wp-content\/uploads\/2025\/08\/image-5-211x300.png 211w, http:\/\/sy-sindbad.com\/wp-content\/uploads\/2025\/08\/image-5-768x1091.png 768w, http:\/\/sy-sindbad.com\/wp-content\/uploads\/2025\/08\/image-5-1082x1536.png 1082w, http:\/\/sy-sindbad.com\/wp-content\/uploads\/2025\/08\/image-5-1442x2048.png 1442w\" sizes=\"auto, (max-width: 767px) 89vw, (max-width: 1000px) 54vw, (max-width: 1071px) 543px, 580px\" \/><\/figure>\n\n\n\n<p>Aber nicht f\u00fcr lange! 2019, kurz nach meinem 16. Geburtstag, erwarb ich den notwendigen F\u00fchrerschein f\u00fcr Sportboote in Binnen- und K\u00fcstengew\u00e4ssern. Gleich am Tag nach meinem Geburtstag hielt ich ihn in den H\u00e4nden und nur wenige Wochen sp\u00e4ter bestand ich auch das SRC (Short Range Certificate). Welch ein Geschenk an Freiheit!<\/p>\n\n\n\n<p>In den darauffolgenden Jahren wurde Sindbad zu meinem Zuhause. St\u00fcck f\u00fcr St\u00fcck steckte ich Liebe und Arbeit in die alte Dame, um sie wieder in Form zu bringen. Ich segelte mit ihr \u00fcber die Ostsee. Sie brachte mir viel Arbeit \u2013 aber auch unz\u00e4hlige, unvergessliche Erlebnisse. Dieses Boot zu pflegen, wurde zum Mittelpunkt meines Lebens. Neben Schule, Nebenjobs und Freunden verbrachte ich jede freie Minute mit Arbeit an oder mit T\u00f6rns auf Sindbad.<\/p>\n\n\n\n<figure class=\"wp-block-image size-full\"><img loading=\"lazy\" decoding=\"async\" width=\"1022\" height=\"691\" src=\"https:\/\/sy-sindbad.com\/wp-content\/uploads\/2025\/08\/image-6.png\" alt=\"\" class=\"wp-image-480\" srcset=\"http:\/\/sy-sindbad.com\/wp-content\/uploads\/2025\/08\/image-6.png 1022w, http:\/\/sy-sindbad.com\/wp-content\/uploads\/2025\/08\/image-6-300x203.png 300w, http:\/\/sy-sindbad.com\/wp-content\/uploads\/2025\/08\/image-6-768x519.png 768w\" sizes=\"auto, (max-width: 767px) 89vw, (max-width: 1000px) 54vw, (max-width: 1071px) 543px, 580px\" \/><\/figure>\n\n\n\n<h3 class=\"wp-block-heading\">Vorbereitung auf die Weltumsegelung<\/h3>\n\n\n\n<p>Die sorgf\u00e4ltige Vorbereitung des Schiffs dauerte mehrere Jahre. Mit viel Hilfe und Ratschl\u00e4gen von Freunden und Unterst\u00fctzern konnte ich den Gro\u00dfteil der Arbeiten selbst erledigen. Dabei habe ich unglaublich viel gelernt.<\/p>\n\n\n\n<p>Doch die Vorbereitungen verschlangen nicht nur Zeit, sondern auch viel Geld. \u00dcber 60.000 \u20ac habe ich bislang aus meinen Ersparnissen in Reparaturen, Ausr\u00fcstung, Sicherheitsmaterial und Ersatzteile investiert.<\/p>\n\n\n\n<figure class=\"wp-block-image size-full\"><img loading=\"lazy\" decoding=\"async\" width=\"2000\" height=\"1200\" src=\"https:\/\/sy-sindbad.com\/wp-content\/uploads\/2025\/08\/werft.jpg\" alt=\"\" class=\"wp-image-481\" srcset=\"http:\/\/sy-sindbad.com\/wp-content\/uploads\/2025\/08\/werft.jpg 2000w, http:\/\/sy-sindbad.com\/wp-content\/uploads\/2025\/08\/werft-300x180.jpg 300w, http:\/\/sy-sindbad.com\/wp-content\/uploads\/2025\/08\/werft-768x461.jpg 768w, http:\/\/sy-sindbad.com\/wp-content\/uploads\/2025\/08\/werft-1536x922.jpg 1536w\" sizes=\"auto, (max-width: 767px) 89vw, (max-width: 1000px) 54vw, (max-width: 1071px) 543px, 580px\" \/><\/figure>\n\n\n\n<p>Um das m\u00f6glich zu machen, begann ich schon mit 12 Jahren zu arbeiten. W\u00e4hrend meiner gesamten Schulzeit (und auch danach) hatte ich mehrere Jobs und lebte sehr einfach. Jetzt ist es an der Zeit, die Fr\u00fcchte dieser M\u00fchen zu ernten \u2026<\/p>\n\n\n\n<p>Aber ein Boot ist ein st\u00e4ndiges Projekt \u2013 und immer wieder entstehen neue Ausgaben. In manchen Monaten sind es einige Hundert Euro, in anderen noch sehr viel mehr. Doch f\u00fcr mich sind diese Ausgaben keine Investitionen in ein Boot als \u201eDing\u201c, sondern in die Erfahrungen und Erinnerungen, die mir dadurch erm\u00f6glicht werden. Und diese wunderbaren Erinnerungen h\u00e4ufen sich weiter an \u2026<\/p>\n\n\n\n<h3 class=\"wp-block-heading\">Meine Qualifikationen<\/h3>\n\n\n\n<p>Mit Zehntausenden von gesegelten Seemeilen auf \u00fcber hundert verschiedenen Schiffen habe ich eine breite und tief verwurzelte maritime Ausbildung genossen \u2013 von Gro\u00dfseglern bis zu modernen Yachten, von Schleppern \u00fcber Binnenschiffe, Dampfschiffe, Jollen, Traditionssegler, Containerschiffe und viele mehr.<\/p>\n\n\n<div class=\"wp-block-image\">\n<figure class=\"aligncenter size-full is-resized\"><img loading=\"lazy\" decoding=\"async\" width=\"687\" height=\"1024\" src=\"https:\/\/sy-sindbad.com\/wp-content\/uploads\/2025\/08\/WhatsApp-Bild-2025-08-04-um-12.14.48_49b481f2-1.jpg\" alt=\"\" class=\"wp-image-483\" style=\"width:390px;height:auto\" srcset=\"http:\/\/sy-sindbad.com\/wp-content\/uploads\/2025\/08\/WhatsApp-Bild-2025-08-04-um-12.14.48_49b481f2-1.jpg 687w, http:\/\/sy-sindbad.com\/wp-content\/uploads\/2025\/08\/WhatsApp-Bild-2025-08-04-um-12.14.48_49b481f2-1-201x300.jpg 201w\" sizes=\"auto, (max-width: 687px) 100vw, 687px\" \/><\/figure>\n<\/div>\n\n\n<p>Ich habe in allen Bereichen an Bord gelernt und gearbeitet: Schiffsf\u00fchrung, Navigation (klassisch und elektronisch), Maschinentechnik, manuelle Arbeiten und Pflichten. Neben Reisen mit erweiterter Crew habe ich auch zahlreiche Einhandt\u00f6rns erfolgreich absolviert.<\/p>\n\n\n\n<p>Ob in gesch\u00fctzten K\u00fcstengew\u00e4ssern oder auf dem offenen Ozean \u2013 ich verbinde praktisches seem\u00e4nnisches K\u00f6nnen mit fundierten Qualifikationen (SBF See &amp; Binnen, SRC, Basic Safety, Security Related Training, u. a.). Mein Ziel ist es, Mannschaft und Schiff sicher und kompetent zu f\u00fchren \u2013 und dabei mit einer ansteckenden Freude daf\u00fcr zu sorgen, dass die Reise selbst genauso erf\u00fcllend ist wie das Ziel.<\/p>\n\n\n\n<p><\/p>\n","protected":false},"excerpt":{"rendered":"<p>Mein Name ist Leo. Ich wurde 2003 in Hamburg geboren. Verwurzelt im Norden Deutschlands lebe ich heute in L\u00fcbeck \u2013 und seit meinem zehnten Lebensjahr an Bord. Nun, mehr als &hellip; <\/p>\n<p class=\"link-more\"><a href=\"http:\/\/sy-sindbad.com\/de\/about-me\/\" class=\"more-link\"><span class=\"screen-reader-text\">\u201e\u00dcber mich\u201c <\/span>weiterlesen<\/a><\/p>\n","protected":false},"author":1,"featured_media":0,"parent":0,"menu_order":0,"comment_status":"closed","ping_status":"open","template":"","meta":{"_monsterinsights_skip_tracking":false,"_monsterinsights_sitenote_active":false,"_monsterinsights_sitenote_note":"","_monsterinsights_sitenote_category":0,"footnotes":""},"class_list":["post-2","page","type-page","status-publish","hentry"],"translation":{"provider":"WPGlobus","version":"3.0.2","language":"de","enabled_languages":["en","de"],"languages":{"en":{"title":true,"content":true,"excerpt":false},"de":{"title":true,"content":true,"excerpt":false}}},"yoast_head":"<!-- This site is optimized with the Yoast SEO plugin v27.4 - https:\/\/yoast.com\/product\/yoast-seo-wordpress\/ -->\n<title>\u00dcber mich - SailingYacht Sindbad<\/title>\n<meta name=\"robots\" content=\"index, follow, max-snippet:-1, max-image-preview:large, max-video-preview:-1\" \/>\n<link rel=\"canonical\" href=\"https:\/\/sy-sindbad.com\/about-me\/\" \/>\n<meta property=\"og:locale\" content=\"de_DE\" \/>\n<meta property=\"og:type\" content=\"article\" \/>\n<meta property=\"og:title\" content=\"\u00dcber mich - SailingYacht Sindbad\" \/>\n<meta property=\"og:url\" content=\"https:\/\/sy-sindbad.com\/about-me\/\" \/>\n<meta property=\"og:site_name\" content=\"SailingYacht Sindbad\" \/>\n<meta property=\"article:modified_time\" content=\"2025-08-24T12:46:19+00:00\" \/>\n<meta property=\"og:image\" content=\"http:\/\/sy-sindbad.com\/wp-content\/uploads\/2025\/08\/baby-leo-auf-brucke.jpg\" \/>\n<meta name=\"twitter:card\" content=\"summary_large_image\" \/>\n<meta name=\"twitter:label1\" content=\"Gesch\u00e4tzte Lesezeit\" \/>\n\t<meta name=\"twitter:data1\" content=\"4\u00a0Minuten\" \/>\n<script type=\"application\/ld+json\" class=\"yoast-schema-graph\">{\"@context\":\"https:\\\/\\\/schema.org\",\"@graph\":[{\"@type\":\"WebPage\",\"@id\":\"https:\\\/\\\/sy-sindbad.com\\\/about-me\\\/\",\"url\":\"https:\\\/\\\/sy-sindbad.com\\\/about-me\\\/\",\"name\":\"\u00dcber mich - SailingYacht Sindbad\",\"isPartOf\":{\"@id\":\"http:\\\/\\\/sy-sindbad.com\\\/de\\\/#website\"},\"primaryImageOfPage\":{\"@id\":\"https:\\\/\\\/sy-sindbad.com\\\/about-me\\\/#primaryimage\"},\"image\":{\"@id\":\"https:\\\/\\\/sy-sindbad.com\\\/about-me\\\/#primaryimage\"},\"thumbnailUrl\":\"http:\\\/\\\/sy-sindbad.com\\\/wp-content\\\/uploads\\\/2025\\\/08\\\/baby-leo-auf-brucke.jpg\",\"datePublished\":\"2022-01-27T17:32:25+00:00\",\"dateModified\":\"2025-08-24T12:46:19+00:00\",\"description\":\"My Name is Leo and I lived onboard of sailing vessels. Soon I am going to fulfill my dream of sailing around the world environmentally clean way.\",\"breadcrumb\":{\"@id\":\"https:\\\/\\\/sy-sindbad.com\\\/about-me\\\/#breadcrumb\"},\"inLanguage\":\"de\",\"potentialAction\":[{\"@type\":\"ReadAction\",\"target\":[\"https:\\\/\\\/sy-sindbad.com\\\/about-me\\\/\"]}]},{\"@type\":\"ImageObject\",\"inLanguage\":\"de\",\"@id\":\"https:\\\/\\\/sy-sindbad.com\\\/about-me\\\/#primaryimage\",\"url\":\"http:\\\/\\\/sy-sindbad.com\\\/wp-content\\\/uploads\\\/2025\\\/08\\\/baby-leo-auf-brucke.jpg\",\"contentUrl\":\"http:\\\/\\\/sy-sindbad.com\\\/wp-content\\\/uploads\\\/2025\\\/08\\\/baby-leo-auf-brucke.jpg\"},{\"@type\":\"BreadcrumbList\",\"@id\":\"https:\\\/\\\/sy-sindbad.com\\\/about-me\\\/#breadcrumb\",\"itemListElement\":[{\"@type\":\"ListItem\",\"position\":1,\"name\":\"Startseite\",\"item\":\"http:\\\/\\\/sy-sindbad.com\\\/de\\\/\"},{\"@type\":\"ListItem\",\"position\":2,\"name\":\"About me\"}]},{\"@type\":\"WebSite\",\"@id\":\"http:\\\/\\\/sy-sindbad.com\\\/de\\\/#website\",\"url\":\"http:\\\/\\\/sy-sindbad.com\\\/de\\\/\",\"name\":\"SailingYacht Sindbad\",\"description\":\"Beyond Horizon\",\"publisher\":{\"@id\":\"http:\\\/\\\/sy-sindbad.com\\\/de\\\/#organization\"},\"potentialAction\":[{\"@type\":\"SearchAction\",\"target\":{\"@type\":\"EntryPoint\",\"urlTemplate\":\"http:\\\/\\\/sy-sindbad.com\\\/de\\\/?s={search_term_string}\"},\"query-input\":{\"@type\":\"PropertyValueSpecification\",\"valueRequired\":true,\"valueName\":\"search_term_string\"}}],\"inLanguage\":\"de\"},{\"@type\":\"Organization\",\"@id\":\"http:\\\/\\\/sy-sindbad.com\\\/de\\\/#organization\",\"name\":\"SailingYacht Sindbad\",\"url\":\"http:\\\/\\\/sy-sindbad.com\\\/de\\\/\",\"logo\":{\"@type\":\"ImageObject\",\"inLanguage\":\"de\",\"@id\":\"http:\\\/\\\/sy-sindbad.com\\\/de\\\/#\\\/schema\\\/logo\\\/image\\\/\",\"url\":\"http:\\\/\\\/sy-sindbad.com\\\/wp-content\\\/uploads\\\/2023\\\/05\\\/DSC05643-scaled.jpg\",\"contentUrl\":\"http:\\\/\\\/sy-sindbad.com\\\/wp-content\\\/uploads\\\/2023\\\/05\\\/DSC05643-scaled.jpg\",\"width\":2560,\"height\":2560,\"caption\":\"SailingYacht Sindbad\"},\"image\":{\"@id\":\"http:\\\/\\\/sy-sindbad.com\\\/de\\\/#\\\/schema\\\/logo\\\/image\\\/\"},\"sameAs\":[\"https:\\\/\\\/www.instagram.com\\\/sysindbad\\\/\"]}]}<\/script>\n<!-- \/ Yoast SEO plugin. -->","yoast_head_json":{"title":"\u00dcber mich - SailingYacht Sindbad","robots":{"index":"index","follow":"follow","max-snippet":"max-snippet:-1","max-image-preview":"max-image-preview:large","max-video-preview":"max-video-preview:-1"},"canonical":"https:\/\/sy-sindbad.com\/about-me\/","og_locale":"de_DE","og_type":"article","og_title":"\u00dcber mich - SailingYacht Sindbad","og_url":"https:\/\/sy-sindbad.com\/about-me\/","og_site_name":"SailingYacht Sindbad","article_modified_time":"2025-08-24T12:46:19+00:00","og_image":[{"url":"http:\/\/sy-sindbad.com\/wp-content\/uploads\/2025\/08\/baby-leo-auf-brucke.jpg","type":"","width":"","height":""}],"twitter_card":"summary_large_image","twitter_misc":{"Gesch\u00e4tzte Lesezeit":"4\u00a0Minuten"},"schema":{"@context":"https:\/\/schema.org","@graph":[{"@type":"WebPage","@id":"https:\/\/sy-sindbad.com\/about-me\/","url":"https:\/\/sy-sindbad.com\/about-me\/","name":"\u00dcber mich - SailingYacht Sindbad","isPartOf":{"@id":"http:\/\/sy-sindbad.com\/de\/#website"},"primaryImageOfPage":{"@id":"https:\/\/sy-sindbad.com\/about-me\/#primaryimage"},"image":{"@id":"https:\/\/sy-sindbad.com\/about-me\/#primaryimage"},"thumbnailUrl":"http:\/\/sy-sindbad.com\/wp-content\/uploads\/2025\/08\/baby-leo-auf-brucke.jpg","datePublished":"2022-01-27T17:32:25+00:00","dateModified":"2025-08-24T12:46:19+00:00","description":"My Name is Leo and I lived onboard of sailing vessels. Soon I am going to fulfill my dream of sailing around the world environmentally clean way.","breadcrumb":{"@id":"https:\/\/sy-sindbad.com\/about-me\/#breadcrumb"},"inLanguage":"de","potentialAction":[{"@type":"ReadAction","target":["https:\/\/sy-sindbad.com\/about-me\/"]}]},{"@type":"ImageObject","inLanguage":"de","@id":"https:\/\/sy-sindbad.com\/about-me\/#primaryimage","url":"http:\/\/sy-sindbad.com\/wp-content\/uploads\/2025\/08\/baby-leo-auf-brucke.jpg","contentUrl":"http:\/\/sy-sindbad.com\/wp-content\/uploads\/2025\/08\/baby-leo-auf-brucke.jpg"},{"@type":"BreadcrumbList","@id":"https:\/\/sy-sindbad.com\/about-me\/#breadcrumb","itemListElement":[{"@type":"ListItem","position":1,"name":"Startseite","item":"http:\/\/sy-sindbad.com\/de\/"},{"@type":"ListItem","position":2,"name":"About me"}]},{"@type":"WebSite","@id":"http:\/\/sy-sindbad.com\/de\/#website","url":"http:\/\/sy-sindbad.com\/de\/","name":"SailingYacht Sindbad","description":"Beyond Horizon","publisher":{"@id":"http:\/\/sy-sindbad.com\/de\/#organization"},"potentialAction":[{"@type":"SearchAction","target":{"@type":"EntryPoint","urlTemplate":"http:\/\/sy-sindbad.com\/de\/?s={search_term_string}"},"query-input":{"@type":"PropertyValueSpecification","valueRequired":true,"valueName":"search_term_string"}}],"inLanguage":"de"},{"@type":"Organization","@id":"http:\/\/sy-sindbad.com\/de\/#organization","name":"SailingYacht Sindbad","url":"http:\/\/sy-sindbad.com\/de\/","logo":{"@type":"ImageObject","inLanguage":"de","@id":"http:\/\/sy-sindbad.com\/de\/#\/schema\/logo\/image\/","url":"http:\/\/sy-sindbad.com\/wp-content\/uploads\/2023\/05\/DSC05643-scaled.jpg","contentUrl":"http:\/\/sy-sindbad.com\/wp-content\/uploads\/2023\/05\/DSC05643-scaled.jpg","width":2560,"height":2560,"caption":"SailingYacht Sindbad"},"image":{"@id":"http:\/\/sy-sindbad.com\/de\/#\/schema\/logo\/image\/"},"sameAs":["https:\/\/www.instagram.com\/sysindbad\/"]}]}},"jetpack_sharing_enabled":true,"_links":{"self":[{"href":"http:\/\/sy-sindbad.com\/de\/wp-json\/wp\/v2\/pages\/2","targetHints":{"allow":["GET"]}}],"collection":[{"href":"http:\/\/sy-sindbad.com\/de\/wp-json\/wp\/v2\/pages"}],"about":[{"href":"http:\/\/sy-sindbad.com\/de\/wp-json\/wp\/v2\/types\/page"}],"author":[{"embeddable":true,"href":"http:\/\/sy-sindbad.com\/de\/wp-json\/wp\/v2\/users\/1"}],"replies":[{"embeddable":true,"href":"http:\/\/sy-sindbad.com\/de\/wp-json\/wp\/v2\/comments?post=2"}],"version-history":[{"count":10,"href":"http:\/\/sy-sindbad.com\/de\/wp-json\/wp\/v2\/pages\/2\/revisions"}],"predecessor-version":[{"id":518,"href":"http:\/\/sy-sindbad.com\/de\/wp-json\/wp\/v2\/pages\/2\/revisions\/518"}],"wp:attachment":[{"href":"http:\/\/sy-sindbad.com\/de\/wp-json\/wp\/v2\/media?parent=2"}],"curies":[{"name":"wp","href":"https:\/\/api.w.org\/{rel}","templated":true}]}}