{"id":291,"date":"2023-06-05T21:20:59","date_gmt":"2023-06-05T21:20:59","guid":{"rendered":"http:\/\/sy-sindbad.com\/?page_id=291"},"modified":"2024-03-04T09:54:03","modified_gmt":"2024-03-04T09:54:03","slug":"contact","status":"publish","type":"page","link":"http:\/\/sy-sindbad.com\/de\/contact\/","title":{"rendered":"Kontakt"},"content":{"rendered":"\n<p>Danke f\u00fcr dein Interesse an meinem Segelprojekt. Fall Du Fragen oder Vorschl\u00e4ge hast oder gerne ein Teil des Projektes werden m\u00f6chtest, melde Dich bei mir. Ich w\u00fcrde mich freuen, mehr dazu zu h\u00f6ren.<\/p>\n\n\n\n<p>Email: sysindbad@gmail.com<\/p>\n\n\n\n<p>Du kannst den Kontakt zu diesem Projekt auch auf Social Media finden:<\/p>\n\n\n\n<p>Instagram: @sysindbad<\/p>\n\n\n\n<p>Ich bin immer offen f\u00fcr Kooperationen, Sponsorings und Kollaborationen, die mit den Werten dieses Projektes einhergehen.<\/p>\n\n\n\n<p>Ich wei\u00df deine Unterst\u00fctzung zu sch\u00e4tzen und freue mich auf den Kontakt!<\/p>\n","protected":false},"excerpt":{"rendered":"<p>Danke f\u00fcr dein Interesse an meinem Segelprojekt. Fall Du Fragen oder Vorschl\u00e4ge hast oder gerne ein Teil des Projektes werden m\u00f6chtest, melde Dich bei mir. Ich w\u00fcrde mich freuen, mehr &hellip; <\/p>\n<p class=\"link-more\"><a href=\"http:\/\/sy-sindbad.com\/de\/contact\/\" class=\"more-link\"><span class=\"screen-reader-text\">\u201eKontakt\u201c <\/span>weiterlesen<\/a><\/p>\n","protected":false},"author":1,"featured_media":0,"parent":0,"menu_order":0,"comment_status":"closed","ping_status":"closed","template":"","meta":{"_monsterinsights_skip_tracking":false,"_monsterinsights_sitenote_active":false,"_monsterinsights_sitenote_note":"","_monsterinsights_sitenote_category":0,"footnotes":""},"class_list":["post-291","page","type-page","status-publish","hentry"],"translation":{"provider":"WPGlobus","version":"3.0.2","language":"de","enabled_languages":["en","de"],"languages":{"en":{"title":true,"content":true,"excerpt":false},"de":{"title":true,"content":true,"excerpt":false}}},"yoast_head":"<!-- This site is optimized with the Yoast SEO plugin v27.4 - https:\/\/yoast.com\/product\/yoast-seo-wordpress\/ -->\n<title>Kontakt - SailingYacht Sindbad<\/title>\n<meta name=\"robots\" content=\"index, follow, max-snippet:-1, max-image-preview:large, max-video-preview:-1\" \/>\n<link rel=\"canonical\" href=\"http:\/\/sy-sindbad.com\/contact\/\" \/>\n<meta property=\"og:locale\" content=\"de_DE\" \/>\n<meta property=\"og:type\" content=\"article\" \/>\n<meta property=\"og:title\" content=\"Kontakt - SailingYacht Sindbad\" \/>\n<meta property=\"og:url\" content=\"http:\/\/sy-sindbad.com\/contact\/\" \/>\n<meta property=\"og:site_name\" content=\"SailingYacht Sindbad\" \/>\n<meta property=\"article:modified_time\" content=\"2024-03-04T09:54:03+00:00\" \/>\n<meta name=\"twitter:card\" content=\"summary_large_image\" \/>\n<meta name=\"twitter:label1\" content=\"Gesch\u00e4tzte Lesezeit\" \/>\n\t<meta name=\"twitter:data1\" content=\"1\u00a0Minute\" \/>\n<script type=\"application\/ld+json\" class=\"yoast-schema-graph\">{\"@context\":\"https:\\\/\\\/schema.org\",\"@graph\":[{\"@type\":\"WebPage\",\"@id\":\"http:\\\/\\\/sy-sindbad.com\\\/contact\\\/\",\"url\":\"http:\\\/\\\/sy-sindbad.com\\\/contact\\\/\",\"name\":\"Kontakt - SailingYacht Sindbad\",\"isPartOf\":{\"@id\":\"http:\\\/\\\/sy-sindbad.com\\\/de\\\/#website\"},\"datePublished\":\"2023-06-05T21:20:59+00:00\",\"dateModified\":\"2024-03-04T09:54:03+00:00\",\"breadcrumb\":{\"@id\":\"http:\\\/\\\/sy-sindbad.com\\\/contact\\\/#breadcrumb\"},\"inLanguage\":\"de\",\"potentialAction\":[{\"@type\":\"ReadAction\",\"target\":[\"http:\\\/\\\/sy-sindbad.com\\\/contact\\\/\"]}]},{\"@type\":\"BreadcrumbList\",\"@id\":\"http:\\\/\\\/sy-sindbad.com\\\/contact\\\/#breadcrumb\",\"itemListElement\":[{\"@type\":\"ListItem\",\"position\":1,\"name\":\"Startseite\",\"item\":\"http:\\\/\\\/sy-sindbad.com\\\/de\\\/\"},{\"@type\":\"ListItem\",\"position\":2,\"name\":\"Contact\"}]},{\"@type\":\"WebSite\",\"@id\":\"http:\\\/\\\/sy-sindbad.com\\\/de\\\/#website\",\"url\":\"http:\\\/\\\/sy-sindbad.com\\\/de\\\/\",\"name\":\"SailingYacht Sindbad\",\"description\":\"Beyond Horizon\",\"publisher\":{\"@id\":\"http:\\\/\\\/sy-sindbad.com\\\/de\\\/#organization\"},\"potentialAction\":[{\"@type\":\"SearchAction\",\"target\":{\"@type\":\"EntryPoint\",\"urlTemplate\":\"http:\\\/\\\/sy-sindbad.com\\\/de\\\/?s={search_term_string}\"},\"query-input\":{\"@type\":\"PropertyValueSpecification\",\"valueRequired\":true,\"valueName\":\"search_term_string\"}}],\"inLanguage\":\"de\"},{\"@type\":\"Organization\",\"@id\":\"http:\\\/\\\/sy-sindbad.com\\\/de\\\/#organization\",\"name\":\"SailingYacht Sindbad\",\"url\":\"http:\\\/\\\/sy-sindbad.com\\\/de\\\/\",\"logo\":{\"@type\":\"ImageObject\",\"inLanguage\":\"de\",\"@id\":\"http:\\\/\\\/sy-sindbad.com\\\/de\\\/#\\\/schema\\\/logo\\\/image\\\/\",\"url\":\"http:\\\/\\\/sy-sindbad.com\\\/wp-content\\\/uploads\\\/2023\\\/05\\\/DSC05643-scaled.jpg\",\"contentUrl\":\"http:\\\/\\\/sy-sindbad.com\\\/wp-content\\\/uploads\\\/2023\\\/05\\\/DSC05643-scaled.jpg\",\"width\":2560,\"height\":2560,\"caption\":\"SailingYacht Sindbad\"},\"image\":{\"@id\":\"http:\\\/\\\/sy-sindbad.com\\\/de\\\/#\\\/schema\\\/logo\\\/image\\\/\"},\"sameAs\":[\"https:\\\/\\\/www.instagram.com\\\/sysindbad\\\/\"]}]}<\/script>\n<!-- \/ Yoast SEO plugin. -->","yoast_head_json":{"title":"Kontakt - SailingYacht Sindbad","robots":{"index":"index","follow":"follow","max-snippet":"max-snippet:-1","max-image-preview":"max-image-preview:large","max-video-preview":"max-video-preview:-1"},"canonical":"http:\/\/sy-sindbad.com\/contact\/","og_locale":"de_DE","og_type":"article","og_title":"Kontakt - SailingYacht Sindbad","og_url":"http:\/\/sy-sindbad.com\/contact\/","og_site_name":"SailingYacht Sindbad","article_modified_time":"2024-03-04T09:54:03+00:00","twitter_card":"summary_large_image","twitter_misc":{"Gesch\u00e4tzte Lesezeit":"1\u00a0Minute"},"schema":{"@context":"https:\/\/schema.org","@graph":[{"@type":"WebPage","@id":"http:\/\/sy-sindbad.com\/contact\/","url":"http:\/\/sy-sindbad.com\/contact\/","name":"Kontakt - SailingYacht Sindbad","isPartOf":{"@id":"http:\/\/sy-sindbad.com\/de\/#website"},"datePublished":"2023-06-05T21:20:59+00:00","dateModified":"2024-03-04T09:54:03+00:00","breadcrumb":{"@id":"http:\/\/sy-sindbad.com\/contact\/#breadcrumb"},"inLanguage":"de","potentialAction":[{"@type":"ReadAction","target":["http:\/\/sy-sindbad.com\/contact\/"]}]},{"@type":"BreadcrumbList","@id":"http:\/\/sy-sindbad.com\/contact\/#breadcrumb","itemListElement":[{"@type":"ListItem","position":1,"name":"Startseite","item":"http:\/\/sy-sindbad.com\/de\/"},{"@type":"ListItem","position":2,"name":"Contact"}]},{"@type":"WebSite","@id":"http:\/\/sy-sindbad.com\/de\/#website","url":"http:\/\/sy-sindbad.com\/de\/","name":"SailingYacht Sindbad","description":"Beyond Horizon","publisher":{"@id":"http:\/\/sy-sindbad.com\/de\/#organization"},"potentialAction":[{"@type":"SearchAction","target":{"@type":"EntryPoint","urlTemplate":"http:\/\/sy-sindbad.com\/de\/?s={search_term_string}"},"query-input":{"@type":"PropertyValueSpecification","valueRequired":true,"valueName":"search_term_string"}}],"inLanguage":"de"},{"@type":"Organization","@id":"http:\/\/sy-sindbad.com\/de\/#organization","name":"SailingYacht Sindbad","url":"http:\/\/sy-sindbad.com\/de\/","logo":{"@type":"ImageObject","inLanguage":"de","@id":"http:\/\/sy-sindbad.com\/de\/#\/schema\/logo\/image\/","url":"http:\/\/sy-sindbad.com\/wp-content\/uploads\/2023\/05\/DSC05643-scaled.jpg","contentUrl":"http:\/\/sy-sindbad.com\/wp-content\/uploads\/2023\/05\/DSC05643-scaled.jpg","width":2560,"height":2560,"caption":"SailingYacht Sindbad"},"image":{"@id":"http:\/\/sy-sindbad.com\/de\/#\/schema\/logo\/image\/"},"sameAs":["https:\/\/www.instagram.com\/sysindbad\/"]}]}},"jetpack_sharing_enabled":true,"_links":{"self":[{"href":"http:\/\/sy-sindbad.com\/de\/wp-json\/wp\/v2\/pages\/291","targetHints":{"allow":["GET"]}}],"collection":[{"href":"http:\/\/sy-sindbad.com\/de\/wp-json\/wp\/v2\/pages"}],"about":[{"href":"http:\/\/sy-sindbad.com\/de\/wp-json\/wp\/v2\/types\/page"}],"author":[{"embeddable":true,"href":"http:\/\/sy-sindbad.com\/de\/wp-json\/wp\/v2\/users\/1"}],"replies":[{"embeddable":true,"href":"http:\/\/sy-sindbad.com\/de\/wp-json\/wp\/v2\/comments?post=291"}],"version-history":[{"count":3,"href":"http:\/\/sy-sindbad.com\/de\/wp-json\/wp\/v2\/pages\/291\/revisions"}],"predecessor-version":[{"id":368,"href":"http:\/\/sy-sindbad.com\/de\/wp-json\/wp\/v2\/pages\/291\/revisions\/368"}],"wp:attachment":[{"href":"http:\/\/sy-sindbad.com\/de\/wp-json\/wp\/v2\/media?parent=291"}],"curies":[{"name":"wp","href":"https:\/\/api.w.org\/{rel}","templated":true}]}}