{"id":148,"date":"2022-02-10T10:26:55","date_gmt":"2022-02-10T10:26:55","guid":{"rendered":"http:\/\/sy-sindbad.com\/?page_id=148"},"modified":"2024-04-02T07:03:10","modified_gmt":"2024-04-02T07:03:10","slug":"support-me","status":"publish","type":"page","link":"https:\/\/sy-sindbad.com\/de\/support-me\/","title":{"rendered":"Unterst\u00fctzung"},"content":{"rendered":"\n<p>Vielen Dank, dass du in Betracht ziehst, das Projekt &#8222;Beyond Horizon&#8220; zu unterst\u00fctzen! Dein Beitrag kann einen bedeutenden Unterschied machen und mir helfen, meinen Traum zu verwirklichen, mit der historischen Segelyacht Sindbad nachhaltig und umweltfreundlich um die Welt zu segeln. Hier sind einige M\u00f6glichkeiten, wie du das Projekt unterst\u00fctzen kannst:<\/p>\n\n\n\n<h2 class=\"wp-block-heading\"><strong>1. Finanzielle Unterst\u00fctzung<\/strong><\/h2>\n\n\n\n<p>Finanzielle Unterst\u00fctzung spielt eine entscheidende Rolle, um den Erfolg dieses ehrgeizigen Vorhabens zu gew\u00e4hrleisten. Deine gro\u00dfz\u00fcgige Spende hilft, wichtige Ausgaben wie die Instandhaltung der Ausr\u00fcstung, Bootsverbesserungen und den Erwerb nachhaltiger Ressourcen zu decken. Durch deine finanzielle Unterst\u00fctzung wirst du zu einem integralen Bestandteil der Reise, indem du dazu beitr\u00e4gst, die Sch\u00f6nheit unseres Planeten zu bewahren und andere dazu zu inspirieren, einen \u00e4hnlichen Weg einzuschlagen. Finanzielle Unterst\u00fctzung ist besonders wertvoll, um in neue Segel zu investieren, die f\u00fcr raue Bedingungen langlebig und sicher sind.<\/p>\n\n\n\n<p><a href=\"https:\/\/gofund.me\/0ccad365\">Crowdfunding<\/a><\/p>\n\n\n\n<h2 class=\"wp-block-heading\"><strong>2. Sachspenden<\/strong><\/h2>\n\n\n\n<p>Wenn du Gegenst\u00e4nde hast, die w\u00e4hrend der Reise n\u00fctzlich sein k\u00f6nnten, w\u00fcrde ich mich \u00fcber deine Spende freuen. Indem du Ausr\u00fcstung oder Materialien spendest, die ich sonst neu h\u00e4tte kaufen m\u00fcssen, tr\u00e4gst du direkt zur Abfallreduzierung bei und minimierst den \u00f6kologischen Fu\u00dfabdruck des Projekts. Gegenst\u00e4nde wie alte Seekarten, Navigationsinstrumente oder sonstige segelbezogene Ausr\u00fcstung verbessern nicht nur die Authentizit\u00e4t der Reise, sondern f\u00f6rdern auch das Prinzip des Wiederverwendens und Wiederverwertens von Ressourcen, was eine effektive M\u00f6glichkeit ist, Abfall zu reduzieren und unseren Planeten zu sch\u00fctzen.<\/p>\n\n\n\n<p>Deine finanzielle Unterst\u00fctzung sowie die Spende von Sachg\u00fctern helfen mir, meine Reise mit einer verringerten negativen Auswirkung auf die Umwelt fortzusetzen. Gemeinsam k\u00f6nnen wir die Bedeutung verantwortungsvollen und nachhaltigen Reisens demonstrieren und dabei die faszinierenden Wunder unseres Planeten f\u00fcr zuk\u00fcnftige Generationen bewahren.<\/p>\n\n\n\n<p>Um finanziell beizutragen oder \u00fcber andere Formen der Unterst\u00fctzung zu sprechen, kontaktiere mich bitte \u00fcber die auf dieser Website angegebenen Kontaktinformationen.<\/p>\n\n\n\n<p>Vielen Dank f\u00fcr deine \u00dcberlegung und daf\u00fcr, Teil dieses au\u00dfergew\u00f6hnlichen Abenteuers zu sein!<\/p>\n","protected":false},"excerpt":{"rendered":"<p>Vielen Dank, dass du in Betracht ziehst, das Projekt &#8222;Beyond Horizon&#8220; zu unterst\u00fctzen! Dein Beitrag kann einen bedeutenden Unterschied machen und mir helfen, meinen Traum zu verwirklichen, mit der historischen &hellip; <\/p>\n<p class=\"link-more\"><a href=\"https:\/\/sy-sindbad.com\/de\/support-me\/\" class=\"more-link\"><span class=\"screen-reader-text\">\u201eUnterst\u00fctzung\u201c <\/span>weiterlesen<\/a><\/p>\n","protected":false},"author":1,"featured_media":0,"parent":0,"menu_order":0,"comment_status":"closed","ping_status":"closed","template":"","meta":{"_monsterinsights_skip_tracking":false,"_monsterinsights_sitenote_active":false,"_monsterinsights_sitenote_note":"","_monsterinsights_sitenote_category":0,"footnotes":""},"class_list":["post-148","page","type-page","status-publish","hentry"],"translation":{"provider":"WPGlobus","version":"3.0.2","language":"de","enabled_languages":["en","de"],"languages":{"en":{"title":true,"content":true,"excerpt":false},"de":{"title":true,"content":true,"excerpt":false}}},"yoast_head":"<!-- This site is optimized with the Yoast SEO plugin v27.3 - https:\/\/yoast.com\/product\/yoast-seo-wordpress\/ -->\n<title>Unterst\u00fctzung - SailingYacht Sindbad<\/title>\n<meta name=\"robots\" content=\"index, follow, max-snippet:-1, max-image-preview:large, max-video-preview:-1\" \/>\n<link rel=\"canonical\" href=\"https:\/\/sy-sindbad.com\/de\/support-me\/\" \/>\n<meta property=\"og:locale\" content=\"de_DE\" \/>\n<meta property=\"og:type\" content=\"article\" \/>\n<meta property=\"og:title\" content=\"Unterst\u00fctzung - SailingYacht Sindbad\" \/>\n<meta property=\"og:url\" content=\"https:\/\/sy-sindbad.com\/de\/support-me\/\" \/>\n<meta property=\"og:site_name\" content=\"SailingYacht Sindbad\" \/>\n<meta property=\"article:modified_time\" content=\"2024-04-02T07:03:10+00:00\" \/>\n<meta name=\"twitter:card\" content=\"summary_large_image\" \/>\n<meta name=\"twitter:label1\" content=\"Gesch\u00e4tzte Lesezeit\" \/>\n\t<meta name=\"twitter:data1\" content=\"2\u00a0Minuten\" \/>\n<script type=\"application\/ld+json\" class=\"yoast-schema-graph\">{\"@context\":\"https:\\\/\\\/schema.org\",\"@graph\":[{\"@type\":\"WebPage\",\"@id\":\"https:\\\/\\\/sy-sindbad.com\\\/de\\\/support-me\\\/\",\"url\":\"https:\\\/\\\/sy-sindbad.com\\\/de\\\/support-me\\\/\",\"name\":\"Unterst\u00fctzung - SailingYacht Sindbad\",\"isPartOf\":{\"@id\":\"https:\\\/\\\/sy-sindbad.com\\\/de\\\/#website\"},\"datePublished\":\"2022-02-10T10:26:55+00:00\",\"dateModified\":\"2024-04-02T07:03:10+00:00\",\"breadcrumb\":{\"@id\":\"https:\\\/\\\/sy-sindbad.com\\\/de\\\/support-me\\\/#breadcrumb\"},\"inLanguage\":\"de\",\"potentialAction\":[{\"@type\":\"ReadAction\",\"target\":[\"https:\\\/\\\/sy-sindbad.com\\\/de\\\/support-me\\\/\"]}]},{\"@type\":\"BreadcrumbList\",\"@id\":\"https:\\\/\\\/sy-sindbad.com\\\/de\\\/support-me\\\/#breadcrumb\",\"itemListElement\":[{\"@type\":\"ListItem\",\"position\":1,\"name\":\"Startseite\",\"item\":\"https:\\\/\\\/sy-sindbad.com\\\/de\\\/\"},{\"@type\":\"ListItem\",\"position\":2,\"name\":\"Unterst\u00fctzung\"}]},{\"@type\":\"WebSite\",\"@id\":\"https:\\\/\\\/sy-sindbad.com\\\/de\\\/#website\",\"url\":\"https:\\\/\\\/sy-sindbad.com\\\/de\\\/\",\"name\":\"SailingYacht Sindbad\",\"description\":\"Beyond Horizon\",\"publisher\":{\"@id\":\"https:\\\/\\\/sy-sindbad.com\\\/de\\\/#organization\"},\"potentialAction\":[{\"@type\":\"SearchAction\",\"target\":{\"@type\":\"EntryPoint\",\"urlTemplate\":\"https:\\\/\\\/sy-sindbad.com\\\/de\\\/?s={search_term_string}\"},\"query-input\":{\"@type\":\"PropertyValueSpecification\",\"valueRequired\":true,\"valueName\":\"search_term_string\"}}],\"inLanguage\":\"de\"},{\"@type\":\"Organization\",\"@id\":\"https:\\\/\\\/sy-sindbad.com\\\/de\\\/#organization\",\"name\":\"SailingYacht Sindbad\",\"url\":\"https:\\\/\\\/sy-sindbad.com\\\/de\\\/\",\"logo\":{\"@type\":\"ImageObject\",\"inLanguage\":\"de\",\"@id\":\"https:\\\/\\\/sy-sindbad.com\\\/de\\\/#\\\/schema\\\/logo\\\/image\\\/\",\"url\":\"http:\\\/\\\/sy-sindbad.com\\\/wp-content\\\/uploads\\\/2023\\\/05\\\/DSC05643-scaled.jpg\",\"contentUrl\":\"http:\\\/\\\/sy-sindbad.com\\\/wp-content\\\/uploads\\\/2023\\\/05\\\/DSC05643-scaled.jpg\",\"width\":2560,\"height\":2560,\"caption\":\"SailingYacht Sindbad\"},\"image\":{\"@id\":\"https:\\\/\\\/sy-sindbad.com\\\/de\\\/#\\\/schema\\\/logo\\\/image\\\/\"},\"sameAs\":[\"https:\\\/\\\/www.instagram.com\\\/sysindbad\\\/\"]}]}<\/script>\n<!-- \/ Yoast SEO plugin. -->","yoast_head_json":{"title":"Unterst\u00fctzung - SailingYacht Sindbad","robots":{"index":"index","follow":"follow","max-snippet":"max-snippet:-1","max-image-preview":"max-image-preview:large","max-video-preview":"max-video-preview:-1"},"canonical":"https:\/\/sy-sindbad.com\/de\/support-me\/","og_locale":"de_DE","og_type":"article","og_title":"Unterst\u00fctzung - SailingYacht Sindbad","og_url":"https:\/\/sy-sindbad.com\/de\/support-me\/","og_site_name":"SailingYacht Sindbad","article_modified_time":"2024-04-02T07:03:10+00:00","twitter_card":"summary_large_image","twitter_misc":{"Gesch\u00e4tzte Lesezeit":"2\u00a0Minuten"},"schema":{"@context":"https:\/\/schema.org","@graph":[{"@type":"WebPage","@id":"https:\/\/sy-sindbad.com\/de\/support-me\/","url":"https:\/\/sy-sindbad.com\/de\/support-me\/","name":"Unterst\u00fctzung - SailingYacht Sindbad","isPartOf":{"@id":"https:\/\/sy-sindbad.com\/de\/#website"},"datePublished":"2022-02-10T10:26:55+00:00","dateModified":"2024-04-02T07:03:10+00:00","breadcrumb":{"@id":"https:\/\/sy-sindbad.com\/de\/support-me\/#breadcrumb"},"inLanguage":"de","potentialAction":[{"@type":"ReadAction","target":["https:\/\/sy-sindbad.com\/de\/support-me\/"]}]},{"@type":"BreadcrumbList","@id":"https:\/\/sy-sindbad.com\/de\/support-me\/#breadcrumb","itemListElement":[{"@type":"ListItem","position":1,"name":"Startseite","item":"https:\/\/sy-sindbad.com\/de\/"},{"@type":"ListItem","position":2,"name":"Unterst\u00fctzung"}]},{"@type":"WebSite","@id":"https:\/\/sy-sindbad.com\/de\/#website","url":"https:\/\/sy-sindbad.com\/de\/","name":"SailingYacht Sindbad","description":"Beyond Horizon","publisher":{"@id":"https:\/\/sy-sindbad.com\/de\/#organization"},"potentialAction":[{"@type":"SearchAction","target":{"@type":"EntryPoint","urlTemplate":"https:\/\/sy-sindbad.com\/de\/?s={search_term_string}"},"query-input":{"@type":"PropertyValueSpecification","valueRequired":true,"valueName":"search_term_string"}}],"inLanguage":"de"},{"@type":"Organization","@id":"https:\/\/sy-sindbad.com\/de\/#organization","name":"SailingYacht Sindbad","url":"https:\/\/sy-sindbad.com\/de\/","logo":{"@type":"ImageObject","inLanguage":"de","@id":"https:\/\/sy-sindbad.com\/de\/#\/schema\/logo\/image\/","url":"http:\/\/sy-sindbad.com\/wp-content\/uploads\/2023\/05\/DSC05643-scaled.jpg","contentUrl":"http:\/\/sy-sindbad.com\/wp-content\/uploads\/2023\/05\/DSC05643-scaled.jpg","width":2560,"height":2560,"caption":"SailingYacht Sindbad"},"image":{"@id":"https:\/\/sy-sindbad.com\/de\/#\/schema\/logo\/image\/"},"sameAs":["https:\/\/www.instagram.com\/sysindbad\/"]}]}},"jetpack_sharing_enabled":true,"_links":{"self":[{"href":"https:\/\/sy-sindbad.com\/de\/wp-json\/wp\/v2\/pages\/148","targetHints":{"allow":["GET"]}}],"collection":[{"href":"https:\/\/sy-sindbad.com\/de\/wp-json\/wp\/v2\/pages"}],"about":[{"href":"https:\/\/sy-sindbad.com\/de\/wp-json\/wp\/v2\/types\/page"}],"author":[{"embeddable":true,"href":"https:\/\/sy-sindbad.com\/de\/wp-json\/wp\/v2\/users\/1"}],"replies":[{"embeddable":true,"href":"https:\/\/sy-sindbad.com\/de\/wp-json\/wp\/v2\/comments?post=148"}],"version-history":[{"count":6,"href":"https:\/\/sy-sindbad.com\/de\/wp-json\/wp\/v2\/pages\/148\/revisions"}],"predecessor-version":[{"id":398,"href":"https:\/\/sy-sindbad.com\/de\/wp-json\/wp\/v2\/pages\/148\/revisions\/398"}],"wp:attachment":[{"href":"https:\/\/sy-sindbad.com\/de\/wp-json\/wp\/v2\/media?parent=148"}],"curies":[{"name":"wp","href":"https:\/\/api.w.org\/{rel}","templated":true}]}}