{"id":4,"date":"2022-01-27T16:35:15","date_gmt":"2022-01-27T16:35:15","guid":{"rendered":"http:\/\/sy-sindbad.com\/willkommen-auf-http-sy-sindbad-com\/"},"modified":"2025-08-24T12:51:45","modified_gmt":"2025-08-24T12:51:45","slug":"welcome-onboard","status":"publish","type":"page","link":"https:\/\/sy-sindbad.com\/de\/","title":{"rendered":"Willkommen an Bord"},"content":{"rendered":"\n<p>Willkommen an Bord der historischen Segelyacht <em>Sindbad<\/em>! Seit mehr als 90 Jahren bereist sie nun schon die Meere unserer Welt. <\/p>\n\n\n\n<figure class=\"wp-block-image size-full\"><img loading=\"lazy\" decoding=\"async\" width=\"2016\" height=\"1512\" src=\"https:\/\/sy-sindbad.com\/wp-content\/uploads\/2025\/08\/IMG_5017.jpg\" alt=\"\" class=\"wp-image-499\" srcset=\"https:\/\/sy-sindbad.com\/wp-content\/uploads\/2025\/08\/IMG_5017.jpg 2016w, https:\/\/sy-sindbad.com\/wp-content\/uploads\/2025\/08\/IMG_5017-300x225.jpg 300w, https:\/\/sy-sindbad.com\/wp-content\/uploads\/2025\/08\/IMG_5017-768x576.jpg 768w, https:\/\/sy-sindbad.com\/wp-content\/uploads\/2025\/08\/IMG_5017-1536x1152.jpg 1536w\" sizes=\"auto, (max-width: 767px) 89vw, (max-width: 1000px) 54vw, (max-width: 1071px) 543px, 580px\" \/><\/figure>\n\n\n\n<p>Bis dato hat sie im Rahmen des Projekts <em>Beyond Horizon<\/em> bereits mehr als zwanzig junge Menschen  die Erkundung der Welt und der Meere erlaubt. Im Norden haben wir die faszinierende Natur der Shetland- und F\u00e4r\u00f6erinseln erkundet, die Hebriden und die Irische See besegelt. Schlie\u00dflich f\u00fchrte unsere Route an der Atlantischen K\u00fcste entlang, von Europa nach Marokko, bis hin zu den Kapverden. Dort \u00fcberquerten wir den Ozean mit Kurs auf Brasilien. Nun liegen weitere spannende Abenteuer voraus, w\u00e4hrend wir die Karibik ansteuern und unsere Pazifik\u00fcberquerung planen.<\/p>\n\n\n\n<figure class=\"wp-block-image size-full\"><img loading=\"lazy\" decoding=\"async\" width=\"2016\" height=\"1512\" src=\"https:\/\/sy-sindbad.com\/wp-content\/uploads\/2025\/08\/IMG_5024-rotated.jpg\" alt=\"\" class=\"wp-image-495\" srcset=\"https:\/\/sy-sindbad.com\/wp-content\/uploads\/2025\/08\/IMG_5024-rotated.jpg 2016w, https:\/\/sy-sindbad.com\/wp-content\/uploads\/2025\/08\/IMG_5024-300x225.jpg 300w, https:\/\/sy-sindbad.com\/wp-content\/uploads\/2025\/08\/IMG_5024-768x576.jpg 768w, https:\/\/sy-sindbad.com\/wp-content\/uploads\/2025\/08\/IMG_5024-1536x1152.jpg 1536w\" sizes=\"auto, (max-width: 767px) 89vw, (max-width: 1000px) 54vw, (max-width: 1071px) 543px, 580px\" \/><\/figure>\n\n\n\n<h3 class=\"wp-block-heading\">Schlie\u00dfe dich der Reise an<\/h3>\n\n\n\n<p>Wenn du <em>Sindbad<\/em> auf ihrer Tour begleiten m\u00f6chtest, bist du herzlich eingeladen, dem Blog auf dieser Website und dem <a href=\"https:\/\/www.instagram.com\/sysindbad\/\">Instagram-Account<\/a> zu folgen.<\/p>\n\n\n\n<p><a href=\"https:\/\/www.marinetraffic.com\/en\/ais\/home\/shipid:7152223\/zoom:14\">Hier <\/a>findest du die Position von <em>Sindbad<\/em> und kannst aktuell verfolgen, wo wir unterwegs sind.<\/p>\n\n\n\n<p><\/p>\n","protected":false},"excerpt":{"rendered":"<p>Willkommen an Bord der historischen Segelyacht Sindbad! Seit mehr als 90 Jahren bereist sie nun schon die Meere unserer Welt. Bis dato hat sie im Rahmen des Projekts Beyond Horizon &hellip; <\/p>\n<p class=\"link-more\"><a href=\"https:\/\/sy-sindbad.com\/de\/\" class=\"more-link\"><span class=\"screen-reader-text\">\u201eWillkommen an Bord\u201c <\/span>weiterlesen<\/a><\/p>\n","protected":false},"author":1,"featured_media":0,"parent":0,"menu_order":0,"comment_status":"closed","ping_status":"open","template":"","meta":{"_monsterinsights_skip_tracking":false,"_monsterinsights_sitenote_active":false,"_monsterinsights_sitenote_note":"","_monsterinsights_sitenote_category":0,"footnotes":""},"class_list":["post-4","page","type-page","status-publish","hentry"],"translation":{"provider":"WPGlobus","version":"3.0.2","language":"de","enabled_languages":["en","de"],"languages":{"en":{"title":true,"content":true,"excerpt":false},"de":{"title":true,"content":true,"excerpt":false}}},"yoast_head":"<!-- This site is optimized with the Yoast SEO plugin v27.3 - https:\/\/yoast.com\/product\/yoast-seo-wordpress\/ -->\n<title>Willkommen an Bord - SailingYacht Sindbad<\/title>\n<meta name=\"robots\" content=\"index, follow, max-snippet:-1, max-image-preview:large, max-video-preview:-1\" \/>\n<link rel=\"canonical\" href=\"http:\/\/sy-sindbad.com\/\" \/>\n<meta property=\"og:locale\" content=\"de_DE\" \/>\n<meta property=\"og:type\" content=\"article\" \/>\n<meta property=\"og:title\" content=\"Willkommen an Bord - SailingYacht Sindbad\" \/>\n<meta property=\"og:url\" content=\"http:\/\/sy-sindbad.com\/\" \/>\n<meta property=\"og:site_name\" content=\"SailingYacht Sindbad\" \/>\n<meta property=\"article:modified_time\" content=\"2025-08-24T12:51:45+00:00\" \/>\n<meta property=\"og:image\" content=\"https:\/\/sy-sindbad.com\/wp-content\/uploads\/2025\/08\/IMG_5017.jpg\" \/>\n<meta name=\"twitter:card\" content=\"summary_large_image\" \/>\n<meta name=\"twitter:label1\" content=\"Gesch\u00e4tzte Lesezeit\" \/>\n\t<meta name=\"twitter:data1\" content=\"2\u00a0Minuten\" \/>\n<script type=\"application\/ld+json\" class=\"yoast-schema-graph\">{\"@context\":\"https:\\\/\\\/schema.org\",\"@graph\":[{\"@type\":\"WebPage\",\"@id\":\"http:\\\/\\\/sy-sindbad.com\\\/\",\"url\":\"http:\\\/\\\/sy-sindbad.com\\\/\",\"name\":\"Willkommen an Bord - SailingYacht Sindbad\",\"isPartOf\":{\"@id\":\"http:\\\/\\\/sy-sindbad.com\\\/#website\"},\"primaryImageOfPage\":{\"@id\":\"http:\\\/\\\/sy-sindbad.com\\\/#primaryimage\"},\"image\":{\"@id\":\"http:\\\/\\\/sy-sindbad.com\\\/#primaryimage\"},\"thumbnailUrl\":\"https:\\\/\\\/sy-sindbad.com\\\/wp-content\\\/uploads\\\/2025\\\/08\\\/IMG_5017.jpg\",\"datePublished\":\"2022-01-27T16:35:15+00:00\",\"dateModified\":\"2025-08-24T12:51:45+00:00\",\"description\":\"Join my adventure of sailing around the world on a wonderful ketch from 1930. In a environmentally clean way I want to experience distant cultures and remote locations.\",\"breadcrumb\":{\"@id\":\"http:\\\/\\\/sy-sindbad.com\\\/#breadcrumb\"},\"inLanguage\":\"de\",\"potentialAction\":[{\"@type\":\"ReadAction\",\"target\":[\"http:\\\/\\\/sy-sindbad.com\\\/\"]}]},{\"@type\":\"ImageObject\",\"inLanguage\":\"de\",\"@id\":\"http:\\\/\\\/sy-sindbad.com\\\/#primaryimage\",\"url\":\"https:\\\/\\\/sy-sindbad.com\\\/wp-content\\\/uploads\\\/2025\\\/08\\\/IMG_5017.jpg\",\"contentUrl\":\"https:\\\/\\\/sy-sindbad.com\\\/wp-content\\\/uploads\\\/2025\\\/08\\\/IMG_5017.jpg\"},{\"@type\":\"BreadcrumbList\",\"@id\":\"http:\\\/\\\/sy-sindbad.com\\\/#breadcrumb\",\"itemListElement\":[{\"@type\":\"ListItem\",\"position\":1,\"name\":\"Startseite\",\"item\":\"http:\\\/\\\/sy-sindbad.com\\\/\"},{\"@type\":\"ListItem\",\"position\":2,\"name\":\"Welcome aboard\"}]},{\"@type\":\"WebSite\",\"@id\":\"http:\\\/\\\/sy-sindbad.com\\\/#website\",\"url\":\"http:\\\/\\\/sy-sindbad.com\\\/\",\"name\":\"SailingYacht Sindbad\",\"description\":\"Beyond Horizon\",\"publisher\":{\"@id\":\"http:\\\/\\\/sy-sindbad.com\\\/#organization\"},\"potentialAction\":[{\"@type\":\"SearchAction\",\"target\":{\"@type\":\"EntryPoint\",\"urlTemplate\":\"http:\\\/\\\/sy-sindbad.com\\\/?s={search_term_string}\"},\"query-input\":{\"@type\":\"PropertyValueSpecification\",\"valueRequired\":true,\"valueName\":\"search_term_string\"}}],\"inLanguage\":\"de\"},{\"@type\":\"Organization\",\"@id\":\"http:\\\/\\\/sy-sindbad.com\\\/#organization\",\"name\":\"SailingYacht Sindbad\",\"url\":\"http:\\\/\\\/sy-sindbad.com\\\/\",\"logo\":{\"@type\":\"ImageObject\",\"inLanguage\":\"de\",\"@id\":\"http:\\\/\\\/sy-sindbad.com\\\/#\\\/schema\\\/logo\\\/image\\\/\",\"url\":\"http:\\\/\\\/sy-sindbad.com\\\/wp-content\\\/uploads\\\/2023\\\/05\\\/DSC05643-scaled.jpg\",\"contentUrl\":\"http:\\\/\\\/sy-sindbad.com\\\/wp-content\\\/uploads\\\/2023\\\/05\\\/DSC05643-scaled.jpg\",\"width\":2560,\"height\":2560,\"caption\":\"SailingYacht Sindbad\"},\"image\":{\"@id\":\"http:\\\/\\\/sy-sindbad.com\\\/#\\\/schema\\\/logo\\\/image\\\/\"},\"sameAs\":[\"https:\\\/\\\/www.instagram.com\\\/sysindbad\\\/\"]}]}<\/script>\n<!-- \/ Yoast SEO plugin. -->","yoast_head_json":{"title":"Willkommen an Bord - SailingYacht Sindbad","robots":{"index":"index","follow":"follow","max-snippet":"max-snippet:-1","max-image-preview":"max-image-preview:large","max-video-preview":"max-video-preview:-1"},"canonical":"http:\/\/sy-sindbad.com\/","og_locale":"de_DE","og_type":"article","og_title":"Willkommen an Bord - SailingYacht Sindbad","og_url":"http:\/\/sy-sindbad.com\/","og_site_name":"SailingYacht Sindbad","article_modified_time":"2025-08-24T12:51:45+00:00","og_image":[{"url":"https:\/\/sy-sindbad.com\/wp-content\/uploads\/2025\/08\/IMG_5017.jpg","type":"","width":"","height":""}],"twitter_card":"summary_large_image","twitter_misc":{"Gesch\u00e4tzte Lesezeit":"2\u00a0Minuten"},"schema":{"@context":"https:\/\/schema.org","@graph":[{"@type":"WebPage","@id":"http:\/\/sy-sindbad.com\/","url":"http:\/\/sy-sindbad.com\/","name":"Willkommen an Bord - SailingYacht Sindbad","isPartOf":{"@id":"http:\/\/sy-sindbad.com\/#website"},"primaryImageOfPage":{"@id":"http:\/\/sy-sindbad.com\/#primaryimage"},"image":{"@id":"http:\/\/sy-sindbad.com\/#primaryimage"},"thumbnailUrl":"https:\/\/sy-sindbad.com\/wp-content\/uploads\/2025\/08\/IMG_5017.jpg","datePublished":"2022-01-27T16:35:15+00:00","dateModified":"2025-08-24T12:51:45+00:00","description":"Join my adventure of sailing around the world on a wonderful ketch from 1930. In a environmentally clean way I want to experience distant cultures and remote locations.","breadcrumb":{"@id":"http:\/\/sy-sindbad.com\/#breadcrumb"},"inLanguage":"de","potentialAction":[{"@type":"ReadAction","target":["http:\/\/sy-sindbad.com\/"]}]},{"@type":"ImageObject","inLanguage":"de","@id":"http:\/\/sy-sindbad.com\/#primaryimage","url":"https:\/\/sy-sindbad.com\/wp-content\/uploads\/2025\/08\/IMG_5017.jpg","contentUrl":"https:\/\/sy-sindbad.com\/wp-content\/uploads\/2025\/08\/IMG_5017.jpg"},{"@type":"BreadcrumbList","@id":"http:\/\/sy-sindbad.com\/#breadcrumb","itemListElement":[{"@type":"ListItem","position":1,"name":"Startseite","item":"http:\/\/sy-sindbad.com\/"},{"@type":"ListItem","position":2,"name":"Welcome aboard"}]},{"@type":"WebSite","@id":"http:\/\/sy-sindbad.com\/#website","url":"http:\/\/sy-sindbad.com\/","name":"SailingYacht Sindbad","description":"Beyond Horizon","publisher":{"@id":"http:\/\/sy-sindbad.com\/#organization"},"potentialAction":[{"@type":"SearchAction","target":{"@type":"EntryPoint","urlTemplate":"http:\/\/sy-sindbad.com\/?s={search_term_string}"},"query-input":{"@type":"PropertyValueSpecification","valueRequired":true,"valueName":"search_term_string"}}],"inLanguage":"de"},{"@type":"Organization","@id":"http:\/\/sy-sindbad.com\/#organization","name":"SailingYacht Sindbad","url":"http:\/\/sy-sindbad.com\/","logo":{"@type":"ImageObject","inLanguage":"de","@id":"http:\/\/sy-sindbad.com\/#\/schema\/logo\/image\/","url":"http:\/\/sy-sindbad.com\/wp-content\/uploads\/2023\/05\/DSC05643-scaled.jpg","contentUrl":"http:\/\/sy-sindbad.com\/wp-content\/uploads\/2023\/05\/DSC05643-scaled.jpg","width":2560,"height":2560,"caption":"SailingYacht Sindbad"},"image":{"@id":"http:\/\/sy-sindbad.com\/#\/schema\/logo\/image\/"},"sameAs":["https:\/\/www.instagram.com\/sysindbad\/"]}]}},"jetpack_sharing_enabled":true,"_links":{"self":[{"href":"https:\/\/sy-sindbad.com\/de\/wp-json\/wp\/v2\/pages\/4","targetHints":{"allow":["GET"]}}],"collection":[{"href":"https:\/\/sy-sindbad.com\/de\/wp-json\/wp\/v2\/pages"}],"about":[{"href":"https:\/\/sy-sindbad.com\/de\/wp-json\/wp\/v2\/types\/page"}],"author":[{"embeddable":true,"href":"https:\/\/sy-sindbad.com\/de\/wp-json\/wp\/v2\/users\/1"}],"replies":[{"embeddable":true,"href":"https:\/\/sy-sindbad.com\/de\/wp-json\/wp\/v2\/comments?post=4"}],"version-history":[{"count":27,"href":"https:\/\/sy-sindbad.com\/de\/wp-json\/wp\/v2\/pages\/4\/revisions"}],"predecessor-version":[{"id":519,"href":"https:\/\/sy-sindbad.com\/de\/wp-json\/wp\/v2\/pages\/4\/revisions\/519"}],"wp:attachment":[{"href":"https:\/\/sy-sindbad.com\/de\/wp-json\/wp\/v2\/media?parent=4"}],"curies":[{"name":"wp","href":"https:\/\/api.w.org\/{rel}","templated":true}]}}