{"id":438,"date":"2025-02-23T11:09:58","date_gmt":"2025-02-23T11:09:58","guid":{"rendered":"https:\/\/sy-sindbad.com\/?page_id=438"},"modified":"2025-08-17T11:30:06","modified_gmt":"2025-08-17T11:30:06","slug":"press","status":"publish","type":"page","link":"https:\/\/sy-sindbad.com\/de\/press\/","title":{"rendered":"Presse"},"content":{"rendered":"\n<div class=\"wp-block-columns is-layout-flex wp-container-core-columns-is-layout-9d6595d7 wp-block-columns-is-layout-flex\">\n<div class=\"wp-block-column is-layout-flow wp-block-column-is-layout-flow\">\n<h2 class=\"wp-block-heading\">Folketidende &#8211; 13.06.2020<\/h2>\n\n\n\n<p>Der Plan ist klar: In vier Jahren wird Leo die Welt umsegeln.<\/p>\n\n\n\n<p>&#8222;Now the boat is ready, and next week the three will set off on a four-week voyage northwards &#8211; Norway or Sweden, depending on corona restrictions.&#8220;<\/p>\n<\/div>\n\n\n\n<div class=\"wp-block-column is-layout-flow wp-block-column-is-layout-flow\">\n<figure class=\"wp-block-image size-full is-resized\"><img loading=\"lazy\" decoding=\"async\" width=\"1200\" height=\"1600\" src=\"http:\/\/sy-sindbad.com\/wp-content\/uploads\/2022\/06\/IMG-20200616-WA0007.jpg\" alt=\"\" class=\"wp-image-177\" style=\"width:170px;height:auto\" srcset=\"https:\/\/sy-sindbad.com\/wp-content\/uploads\/2022\/06\/IMG-20200616-WA0007.jpg 1200w, https:\/\/sy-sindbad.com\/wp-content\/uploads\/2022\/06\/IMG-20200616-WA0007-225x300.jpg 225w, https:\/\/sy-sindbad.com\/wp-content\/uploads\/2022\/06\/IMG-20200616-WA0007-768x1024.jpg 768w, https:\/\/sy-sindbad.com\/wp-content\/uploads\/2022\/06\/IMG-20200616-WA0007-1152x1536.jpg 1152w\" sizes=\"auto, (max-width: 767px) 89vw, (max-width: 1000px) 54vw, (max-width: 1071px) 543px, 580px\" \/><\/figure>\n<\/div>\n<\/div>\n\n\n\n<div class=\"wp-block-columns is-layout-flex wp-container-core-columns-is-layout-9d6595d7 wp-block-columns-is-layout-flex\">\n<div class=\"wp-block-column is-layout-flow wp-block-column-is-layout-flow\">\n<h2 class=\"wp-block-heading\">Folketidende &#8211; 30.06.2024<\/h2>\n\n\n\n<p><a href=\"https:\/\/folketidende.dk\/lolland\/vild-plan-leo-vil-besejre-verdenshavene-i-94-aar-gammel-baad\">Wilder Plan: Leo will mit einem 94 Jahre alten Boot die Weltmeere besegeln<\/a><\/p>\n\n\n\n<p>&#8222;<em>Det er vigtigt, at jeg tager den rejse mens jeg stadig er ung, og inden jeg f\u00e5r stiftet familie.<\/em>&#8222;<\/p>\n<\/div>\n\n\n\n<div class=\"wp-block-column is-layout-flow wp-block-column-is-layout-flow\">\n<figure class=\"wp-block-image size-full\"><img loading=\"lazy\" decoding=\"async\" width=\"1920\" height=\"1280\" src=\"http:\/\/sy-sindbad.com\/wp-content\/uploads\/2025\/02\/palle-folketidene.jpg\" alt=\"\" class=\"wp-image-439\" srcset=\"https:\/\/sy-sindbad.com\/wp-content\/uploads\/2025\/02\/palle-folketidene.jpg 1920w, https:\/\/sy-sindbad.com\/wp-content\/uploads\/2025\/02\/palle-folketidene-300x200.jpg 300w, https:\/\/sy-sindbad.com\/wp-content\/uploads\/2025\/02\/palle-folketidene-768x512.jpg 768w, https:\/\/sy-sindbad.com\/wp-content\/uploads\/2025\/02\/palle-folketidene-1536x1024.jpg 1536w\" sizes=\"auto, (max-width: 767px) 89vw, (max-width: 1000px) 54vw, (max-width: 1071px) 543px, 580px\" \/><figcaption class=\"wp-element-caption\">Foto: Palle Frandsen<\/figcaption><\/figure>\n<\/div>\n<\/div>\n\n\n\n<div class=\"wp-block-columns is-layout-flex wp-container-core-columns-is-layout-9d6595d7 wp-block-columns-is-layout-flex\">\n<div class=\"wp-block-column is-layout-flow wp-block-column-is-layout-flow\">\n<h2 class=\"wp-block-heading\">Folketidende &#8211; 06.08.2024<\/h2>\n\n\n\n<p><a href=\"https:\/\/folketidende.dk\/lolland\/leo-skal-bruge-flere-aar-paa-sin-vilde-plan-snart-saetter-sejlskibet-sindbad-kurs-mod-verdenshavene\">Aufbruch zur Weltumsegelung: Leo und Sindbad\u201c haben sich von R\u00f8dbyhavn verabschiedet<\/a><\/p>\n\n\n\n<p>&#8222;Dag for dag kommer han dog n\u00e6rmere p\u00e5 at udleve sin store dr\u00f8m.&#8220;<\/p>\n<\/div>\n\n\n\n<div class=\"wp-block-column is-layout-flow wp-block-column-is-layout-flow\">\n<figure class=\"wp-block-image size-full\"><img loading=\"lazy\" decoding=\"async\" width=\"1920\" height=\"964\" src=\"http:\/\/sy-sindbad.com\/wp-content\/uploads\/2025\/02\/palle-folketidende-2.jpg\" alt=\"\" class=\"wp-image-440\" srcset=\"https:\/\/sy-sindbad.com\/wp-content\/uploads\/2025\/02\/palle-folketidende-2.jpg 1920w, https:\/\/sy-sindbad.com\/wp-content\/uploads\/2025\/02\/palle-folketidende-2-300x151.jpg 300w, https:\/\/sy-sindbad.com\/wp-content\/uploads\/2025\/02\/palle-folketidende-2-768x386.jpg 768w, https:\/\/sy-sindbad.com\/wp-content\/uploads\/2025\/02\/palle-folketidende-2-1536x771.jpg 1536w\" sizes=\"auto, (max-width: 767px) 89vw, (max-width: 1000px) 54vw, (max-width: 1071px) 543px, 580px\" \/><figcaption class=\"wp-element-caption\">Foto: Palle Frandsen<\/figcaption><\/figure>\n<\/div>\n<\/div>\n\n\n\n<div class=\"wp-block-columns is-layout-flex wp-container-core-columns-is-layout-9d6595d7 wp-block-columns-is-layout-flex\">\n<div class=\"wp-block-column is-layout-flow wp-block-column-is-layout-flow\">\n<h2 class=\"wp-block-heading\">L\u00fcbecker Nachrichten &#8211; 30.08.2024<\/h2>\n\n\n\n<p><a href=\"https:\/\/www.ln-online.de\/lokales\/luebeck\/luebecker-mit-traditionssegler-auf-weltreise-mitsegeln-auf-nachhaltiger-tour-moeglich-MCVY4YCNHNA2HMZWTQK4AHCBVQ.html\">Ab L\u00fcbeck: 21-J\u00e4hriger startet zur Weltreise im Traditionssegler<\/a><\/p>\n\n\n\n<p>&#8222;Tage, Wochen, Monate auf dem offen Meer \u2013 auf einer kleinen Segelyacht erf\u00fcllt sich ein junger L\u00fcbecker seinen Kindheitstraum.&#8220;<\/p>\n<\/div>\n\n\n\n<div class=\"wp-block-column is-layout-flow wp-block-column-is-layout-flow\">\n<h2 class=\"wp-block-heading\">HL-Live.de &#8211; 30.08.2024<\/h2>\n\n\n\n<p><a href=\"https:\/\/www.hl-live.de\/text.php?id=167745\">Historische Segelyacht nimmt Kurs auf die weite Welt<\/a><\/p>\n\n\n\n<p>&#8222;W\u00e4hrend der drei- bis vierj\u00e4hrigen Reise \u00fcber den Atlantischen und den Pazifischen Ozean und wieder zur\u00fcck bis in den Ausgangshafen L\u00fcbeck m\u00f6chte Leo de Cuveland insbesondere jungen Menschen die M\u00f6glichkeit bieten, die Welt zu bereisen und das auf eine nachhaltige Art und Weise.&#8220;<\/p>\n<\/div>\n<\/div>\n\n\n\n<div class=\"wp-block-columns is-layout-flex wp-container-core-columns-is-layout-9d6595d7 wp-block-columns-is-layout-flex\">\n<div class=\"wp-block-column is-layout-flow wp-block-column-is-layout-flow\">\n<h2 class=\"wp-block-heading\">L\u00fcbecker Nachrichten &#8211; 09.03.2025<\/h2>\n\n\n\n<p><a href=\"https:\/\/www.ln-online.de\/lokales\/luebeck\/luebecker-leo-de-cuveland-umsegelt-mit-museumsschiff-sindbad-die-welt-54QVJJMWB5CMRLCGPDC2J6JIYE.html\">Auf gro\u00dfer Fahrt mit der \u201eSindbad\u201c: L\u00fcbecker segelt um die Welt<\/a><\/p>\n\n\n\n<p>&#8222;Auf der bisherigen Tour seien schon einige enge Freundschaften entstanden, und von der Gastfreundschaft an vielen Orten ist Leo schlichtweg begeistert.&#8220;<\/p>\n<\/div>\n\n\n\n<div class=\"wp-block-column is-layout-flow wp-block-column-is-layout-flow\">\n<figure class=\"wp-block-image size-full\"><img loading=\"lazy\" decoding=\"async\" width=\"1600\" height=\"1203\" src=\"https:\/\/sy-sindbad.com\/wp-content\/uploads\/2025\/08\/WhatsApp-Image-2025-08-17-at-13.12.29_db5e4c7e-1.jpg\" alt=\"\" class=\"wp-image-463\" srcset=\"https:\/\/sy-sindbad.com\/wp-content\/uploads\/2025\/08\/WhatsApp-Image-2025-08-17-at-13.12.29_db5e4c7e-1.jpg 1600w, https:\/\/sy-sindbad.com\/wp-content\/uploads\/2025\/08\/WhatsApp-Image-2025-08-17-at-13.12.29_db5e4c7e-1-300x226.jpg 300w, https:\/\/sy-sindbad.com\/wp-content\/uploads\/2025\/08\/WhatsApp-Image-2025-08-17-at-13.12.29_db5e4c7e-1-768x577.jpg 768w, https:\/\/sy-sindbad.com\/wp-content\/uploads\/2025\/08\/WhatsApp-Image-2025-08-17-at-13.12.29_db5e4c7e-1-1536x1155.jpg 1536w\" sizes=\"auto, (max-width: 767px) 89vw, (max-width: 1000px) 54vw, (max-width: 1071px) 543px, 580px\" \/><\/figure>\n<\/div>\n<\/div>\n\n\n\n<div class=\"wp-block-columns is-layout-flex wp-container-core-columns-is-layout-9d6595d7 wp-block-columns-is-layout-flex\">\n<div class=\"wp-block-column is-layout-flow wp-block-column-is-layout-flow\">\n<h2 class=\"wp-block-heading\">L\u00fcbecker Nachrichten &#8211; 11.05.2025<\/h2>\n\n\n\n<p><a href=\"https:\/\/www.ln-online.de\/lokales\/luebeck\/luebecker-traditionssegler-sindbad-startet-zur-atlantikueberquerung-R37CEOIDQNER3K7QF5NEA53KNY.html\">Kurs auf Brasilien: Die \u201eSindbad\u201c aus L\u00fcbeck segelt \u00fcber den gro\u00dfen Teich<\/a><\/p>\n\n\n\n<p>&#8222;Jetzt steht f\u00fcr ihn und seine Crew das ganz gro\u00dfe Abenteuer an: die Atlantik-\u00dcberquerung.&#8220;<\/p>\n<\/div>\n\n\n\n<div class=\"wp-block-column is-layout-flow wp-block-column-is-layout-flow\">\n<figure class=\"wp-block-image size-full\"><img loading=\"lazy\" decoding=\"async\" width=\"2048\" height=\"1536\" src=\"https:\/\/sy-sindbad.com\/wp-content\/uploads\/2025\/08\/WhatsApp-Image-2025-08-17-at-13.18.41_eedace65-1.jpg\" alt=\"\" class=\"wp-image-464\" srcset=\"https:\/\/sy-sindbad.com\/wp-content\/uploads\/2025\/08\/WhatsApp-Image-2025-08-17-at-13.18.41_eedace65-1.jpg 2048w, https:\/\/sy-sindbad.com\/wp-content\/uploads\/2025\/08\/WhatsApp-Image-2025-08-17-at-13.18.41_eedace65-1-300x225.jpg 300w, https:\/\/sy-sindbad.com\/wp-content\/uploads\/2025\/08\/WhatsApp-Image-2025-08-17-at-13.18.41_eedace65-1-768x576.jpg 768w, https:\/\/sy-sindbad.com\/wp-content\/uploads\/2025\/08\/WhatsApp-Image-2025-08-17-at-13.18.41_eedace65-1-1536x1152.jpg 1536w\" sizes=\"auto, (max-width: 767px) 89vw, (max-width: 1000px) 54vw, (max-width: 1071px) 543px, 580px\" \/><\/figure>\n<\/div>\n<\/div>\n\n\n\n<div class=\"wp-block-columns is-layout-flex wp-container-core-columns-is-layout-9d6595d7 wp-block-columns-is-layout-flex\">\n<div class=\"wp-block-column is-layout-flow wp-block-column-is-layout-flow\">\n<h2 class=\"wp-block-heading\">L\u00fcbecker Nachrichten &#8211; 13.08.2025<\/h2>\n\n\n\n<p><a href=\"https:\/\/www.ln-online.de\/lokales\/luebeck\/luebecker-weltumsegler-hat-brasilien-erreicht-harte-zeiten-fuer-sindbad-crew-F7VIGIDVARFBPN7KNFDEK4ONRU.html\">Viele Reparaturen und ein gef\u00e4hrlicher Hafen in Brasilien: Harte Zeiten f\u00fcr die \u201eSindbad\u201c-Crew<\/a><\/p>\n\n\n\n<p>&#8222;In einer Nacht nahmen wir pl\u00f6tzlich starken Rauchgeruch wahr&#8220;<\/p>\n<\/div>\n\n\n\n<div class=\"wp-block-column is-layout-flow wp-block-column-is-layout-flow\">\n<figure class=\"wp-block-image size-full\"><img loading=\"lazy\" decoding=\"async\" width=\"1616\" height=\"1080\" src=\"https:\/\/sy-sindbad.com\/wp-content\/uploads\/2025\/08\/WhatsApp-Image-2025-08-17-at-13.23.59_8581238e-1.jpg\" alt=\"\" class=\"wp-image-465\" srcset=\"https:\/\/sy-sindbad.com\/wp-content\/uploads\/2025\/08\/WhatsApp-Image-2025-08-17-at-13.23.59_8581238e-1.jpg 1616w, https:\/\/sy-sindbad.com\/wp-content\/uploads\/2025\/08\/WhatsApp-Image-2025-08-17-at-13.23.59_8581238e-1-300x200.jpg 300w, https:\/\/sy-sindbad.com\/wp-content\/uploads\/2025\/08\/WhatsApp-Image-2025-08-17-at-13.23.59_8581238e-1-768x513.jpg 768w, https:\/\/sy-sindbad.com\/wp-content\/uploads\/2025\/08\/WhatsApp-Image-2025-08-17-at-13.23.59_8581238e-1-1536x1027.jpg 1536w\" sizes=\"auto, (max-width: 767px) 89vw, (max-width: 1000px) 54vw, (max-width: 1071px) 543px, 580px\" \/><\/figure>\n<\/div>\n<\/div>\n","protected":false},"excerpt":{"rendered":"<p>Folketidende &#8211; 13.06.2020 Der Plan ist klar: In vier Jahren wird Leo die Welt umsegeln. &#8222;Now the boat is ready, and next week the three will set off on a &hellip; <\/p>\n<p class=\"link-more\"><a href=\"https:\/\/sy-sindbad.com\/de\/press\/\" class=\"more-link\"><span class=\"screen-reader-text\">\u201ePresse\u201c <\/span>weiterlesen<\/a><\/p>\n","protected":false},"author":1,"featured_media":0,"parent":0,"menu_order":0,"comment_status":"closed","ping_status":"closed","template":"","meta":{"_monsterinsights_skip_tracking":false,"_monsterinsights_sitenote_active":false,"_monsterinsights_sitenote_note":"","_monsterinsights_sitenote_category":0,"footnotes":""},"class_list":["post-438","page","type-page","status-publish","hentry"],"translation":{"provider":"WPGlobus","version":"3.0.2","language":"de","enabled_languages":["en","de"],"languages":{"en":{"title":true,"content":true,"excerpt":false},"de":{"title":true,"content":true,"excerpt":false}}},"yoast_head":"<!-- This site is optimized with the Yoast SEO plugin v27.3 - https:\/\/yoast.com\/product\/yoast-seo-wordpress\/ -->\n<title>Presse - SailingYacht Sindbad<\/title>\n<meta name=\"robots\" content=\"index, follow, max-snippet:-1, max-image-preview:large, max-video-preview:-1\" \/>\n<link rel=\"canonical\" href=\"http:\/\/sy-sindbad.com\/de\/press\/\" \/>\n<meta property=\"og:locale\" content=\"de_DE\" \/>\n<meta property=\"og:type\" content=\"article\" \/>\n<meta property=\"og:title\" content=\"Presse - SailingYacht Sindbad\" \/>\n<meta property=\"og:url\" content=\"http:\/\/sy-sindbad.com\/de\/press\/\" \/>\n<meta property=\"og:site_name\" content=\"SailingYacht Sindbad\" \/>\n<meta property=\"article:modified_time\" content=\"2025-08-17T11:30:06+00:00\" \/>\n<meta property=\"og:image\" content=\"http:\/\/sy-sindbad.com\/wp-content\/uploads\/2022\/06\/IMG-20200616-WA0007.jpg\" \/>\n<meta name=\"twitter:card\" content=\"summary_large_image\" \/>\n<meta name=\"twitter:label1\" content=\"Gesch\u00e4tzte Lesezeit\" \/>\n\t<meta name=\"twitter:data1\" content=\"3\u00a0Minuten\" \/>\n<script type=\"application\/ld+json\" class=\"yoast-schema-graph\">{\"@context\":\"https:\\\/\\\/schema.org\",\"@graph\":[{\"@type\":\"WebPage\",\"@id\":\"http:\\\/\\\/sy-sindbad.com\\\/de\\\/press\\\/\",\"url\":\"http:\\\/\\\/sy-sindbad.com\\\/de\\\/press\\\/\",\"name\":\"Presse - SailingYacht Sindbad\",\"isPartOf\":{\"@id\":\"http:\\\/\\\/sy-sindbad.com\\\/#website\"},\"primaryImageOfPage\":{\"@id\":\"http:\\\/\\\/sy-sindbad.com\\\/de\\\/press\\\/#primaryimage\"},\"image\":{\"@id\":\"http:\\\/\\\/sy-sindbad.com\\\/de\\\/press\\\/#primaryimage\"},\"thumbnailUrl\":\"http:\\\/\\\/sy-sindbad.com\\\/wp-content\\\/uploads\\\/2022\\\/06\\\/IMG-20200616-WA0007.jpg\",\"datePublished\":\"2025-02-23T11:09:58+00:00\",\"dateModified\":\"2025-08-17T11:30:06+00:00\",\"breadcrumb\":{\"@id\":\"http:\\\/\\\/sy-sindbad.com\\\/de\\\/press\\\/#breadcrumb\"},\"inLanguage\":\"de\",\"potentialAction\":[{\"@type\":\"ReadAction\",\"target\":[\"http:\\\/\\\/sy-sindbad.com\\\/de\\\/press\\\/\"]}]},{\"@type\":\"ImageObject\",\"inLanguage\":\"de\",\"@id\":\"http:\\\/\\\/sy-sindbad.com\\\/de\\\/press\\\/#primaryimage\",\"url\":\"http:\\\/\\\/sy-sindbad.com\\\/wp-content\\\/uploads\\\/2022\\\/06\\\/IMG-20200616-WA0007.jpg\",\"contentUrl\":\"http:\\\/\\\/sy-sindbad.com\\\/wp-content\\\/uploads\\\/2022\\\/06\\\/IMG-20200616-WA0007.jpg\"},{\"@type\":\"BreadcrumbList\",\"@id\":\"http:\\\/\\\/sy-sindbad.com\\\/de\\\/press\\\/#breadcrumb\",\"itemListElement\":[{\"@type\":\"ListItem\",\"position\":1,\"name\":\"Startseite\",\"item\":\"http:\\\/\\\/sy-sindbad.com\\\/\"},{\"@type\":\"ListItem\",\"position\":2,\"name\":\"Presse\"}]},{\"@type\":\"WebSite\",\"@id\":\"http:\\\/\\\/sy-sindbad.com\\\/#website\",\"url\":\"http:\\\/\\\/sy-sindbad.com\\\/\",\"name\":\"SailingYacht Sindbad\",\"description\":\"Beyond Horizon\",\"publisher\":{\"@id\":\"http:\\\/\\\/sy-sindbad.com\\\/#organization\"},\"potentialAction\":[{\"@type\":\"SearchAction\",\"target\":{\"@type\":\"EntryPoint\",\"urlTemplate\":\"http:\\\/\\\/sy-sindbad.com\\\/?s={search_term_string}\"},\"query-input\":{\"@type\":\"PropertyValueSpecification\",\"valueRequired\":true,\"valueName\":\"search_term_string\"}}],\"inLanguage\":\"de\"},{\"@type\":\"Organization\",\"@id\":\"http:\\\/\\\/sy-sindbad.com\\\/#organization\",\"name\":\"SailingYacht Sindbad\",\"url\":\"http:\\\/\\\/sy-sindbad.com\\\/\",\"logo\":{\"@type\":\"ImageObject\",\"inLanguage\":\"de\",\"@id\":\"http:\\\/\\\/sy-sindbad.com\\\/#\\\/schema\\\/logo\\\/image\\\/\",\"url\":\"http:\\\/\\\/sy-sindbad.com\\\/wp-content\\\/uploads\\\/2023\\\/05\\\/DSC05643-scaled.jpg\",\"contentUrl\":\"http:\\\/\\\/sy-sindbad.com\\\/wp-content\\\/uploads\\\/2023\\\/05\\\/DSC05643-scaled.jpg\",\"width\":2560,\"height\":2560,\"caption\":\"SailingYacht Sindbad\"},\"image\":{\"@id\":\"http:\\\/\\\/sy-sindbad.com\\\/#\\\/schema\\\/logo\\\/image\\\/\"},\"sameAs\":[\"https:\\\/\\\/www.instagram.com\\\/sysindbad\\\/\"]}]}<\/script>\n<!-- \/ Yoast SEO plugin. -->","yoast_head_json":{"title":"Presse - SailingYacht Sindbad","robots":{"index":"index","follow":"follow","max-snippet":"max-snippet:-1","max-image-preview":"max-image-preview:large","max-video-preview":"max-video-preview:-1"},"canonical":"http:\/\/sy-sindbad.com\/de\/press\/","og_locale":"de_DE","og_type":"article","og_title":"Presse - SailingYacht Sindbad","og_url":"http:\/\/sy-sindbad.com\/de\/press\/","og_site_name":"SailingYacht Sindbad","article_modified_time":"2025-08-17T11:30:06+00:00","og_image":[{"url":"http:\/\/sy-sindbad.com\/wp-content\/uploads\/2022\/06\/IMG-20200616-WA0007.jpg","type":"","width":"","height":""}],"twitter_card":"summary_large_image","twitter_misc":{"Gesch\u00e4tzte Lesezeit":"3\u00a0Minuten"},"schema":{"@context":"https:\/\/schema.org","@graph":[{"@type":"WebPage","@id":"http:\/\/sy-sindbad.com\/de\/press\/","url":"http:\/\/sy-sindbad.com\/de\/press\/","name":"Presse - SailingYacht Sindbad","isPartOf":{"@id":"http:\/\/sy-sindbad.com\/#website"},"primaryImageOfPage":{"@id":"http:\/\/sy-sindbad.com\/de\/press\/#primaryimage"},"image":{"@id":"http:\/\/sy-sindbad.com\/de\/press\/#primaryimage"},"thumbnailUrl":"http:\/\/sy-sindbad.com\/wp-content\/uploads\/2022\/06\/IMG-20200616-WA0007.jpg","datePublished":"2025-02-23T11:09:58+00:00","dateModified":"2025-08-17T11:30:06+00:00","breadcrumb":{"@id":"http:\/\/sy-sindbad.com\/de\/press\/#breadcrumb"},"inLanguage":"de","potentialAction":[{"@type":"ReadAction","target":["http:\/\/sy-sindbad.com\/de\/press\/"]}]},{"@type":"ImageObject","inLanguage":"de","@id":"http:\/\/sy-sindbad.com\/de\/press\/#primaryimage","url":"http:\/\/sy-sindbad.com\/wp-content\/uploads\/2022\/06\/IMG-20200616-WA0007.jpg","contentUrl":"http:\/\/sy-sindbad.com\/wp-content\/uploads\/2022\/06\/IMG-20200616-WA0007.jpg"},{"@type":"BreadcrumbList","@id":"http:\/\/sy-sindbad.com\/de\/press\/#breadcrumb","itemListElement":[{"@type":"ListItem","position":1,"name":"Startseite","item":"http:\/\/sy-sindbad.com\/"},{"@type":"ListItem","position":2,"name":"Presse"}]},{"@type":"WebSite","@id":"http:\/\/sy-sindbad.com\/#website","url":"http:\/\/sy-sindbad.com\/","name":"SailingYacht Sindbad","description":"Beyond Horizon","publisher":{"@id":"http:\/\/sy-sindbad.com\/#organization"},"potentialAction":[{"@type":"SearchAction","target":{"@type":"EntryPoint","urlTemplate":"http:\/\/sy-sindbad.com\/?s={search_term_string}"},"query-input":{"@type":"PropertyValueSpecification","valueRequired":true,"valueName":"search_term_string"}}],"inLanguage":"de"},{"@type":"Organization","@id":"http:\/\/sy-sindbad.com\/#organization","name":"SailingYacht Sindbad","url":"http:\/\/sy-sindbad.com\/","logo":{"@type":"ImageObject","inLanguage":"de","@id":"http:\/\/sy-sindbad.com\/#\/schema\/logo\/image\/","url":"http:\/\/sy-sindbad.com\/wp-content\/uploads\/2023\/05\/DSC05643-scaled.jpg","contentUrl":"http:\/\/sy-sindbad.com\/wp-content\/uploads\/2023\/05\/DSC05643-scaled.jpg","width":2560,"height":2560,"caption":"SailingYacht Sindbad"},"image":{"@id":"http:\/\/sy-sindbad.com\/#\/schema\/logo\/image\/"},"sameAs":["https:\/\/www.instagram.com\/sysindbad\/"]}]}},"jetpack_sharing_enabled":true,"_links":{"self":[{"href":"https:\/\/sy-sindbad.com\/de\/wp-json\/wp\/v2\/pages\/438","targetHints":{"allow":["GET"]}}],"collection":[{"href":"https:\/\/sy-sindbad.com\/de\/wp-json\/wp\/v2\/pages"}],"about":[{"href":"https:\/\/sy-sindbad.com\/de\/wp-json\/wp\/v2\/types\/page"}],"author":[{"embeddable":true,"href":"https:\/\/sy-sindbad.com\/de\/wp-json\/wp\/v2\/users\/1"}],"replies":[{"embeddable":true,"href":"https:\/\/sy-sindbad.com\/de\/wp-json\/wp\/v2\/comments?post=438"}],"version-history":[{"count":8,"href":"https:\/\/sy-sindbad.com\/de\/wp-json\/wp\/v2\/pages\/438\/revisions"}],"predecessor-version":[{"id":466,"href":"https:\/\/sy-sindbad.com\/de\/wp-json\/wp\/v2\/pages\/438\/revisions\/466"}],"wp:attachment":[{"href":"https:\/\/sy-sindbad.com\/de\/wp-json\/wp\/v2\/media?parent=438"}],"curies":[{"name":"wp","href":"https:\/\/api.w.org\/{rel}","templated":true}]}}