{"id":79,"date":"2022-02-04T07:54:05","date_gmt":"2022-02-04T07:54:05","guid":{"rendered":"http:\/\/sy-sindbad.com\/?page_id=79"},"modified":"2025-10-01T19:39:43","modified_gmt":"2025-10-01T19:39:43","slug":"round-the-world-clean","status":"publish","type":"page","link":"https:\/\/sy-sindbad.com\/de\/round-the-world-clean\/","title":{"rendered":"Beyond Horizon"},"content":{"rendered":"\n<h3 class=\"wp-block-heading\">Nachhaltig um die Welt segeln<\/h3>\n\n\n\n<p>Ein lange gehegter Traum wird wahr: gemeinsam mit Sindbad segeln wir \u00fcber die Ozeane dieser Welt. Ohne festen Zeitplan und ohne festes R\u00fcckkehrdatum. Wir folgen allein dem&nbsp;<strong>Rhythmus von Mutter Natur<\/strong>. So m\u00f6chten wir unseren Planeten, seine Kulturen, Lebensweisen und abgelegenen Orte erleben. Die Devise: durch Immersion zu Verst\u00e4ndnis, Verst\u00e4ndnis zu Liebe, und Liebe zu Anliegen und Aktivismus.<\/p>\n\n\n\n<figure class=\"wp-block-image size-full\"><img loading=\"lazy\" decoding=\"async\" width=\"2016\" height=\"1512\" src=\"https:\/\/sy-sindbad.com\/wp-content\/uploads\/2025\/08\/IMG_5027.jpg\" alt=\"\" class=\"wp-image-487\" srcset=\"https:\/\/sy-sindbad.com\/wp-content\/uploads\/2025\/08\/IMG_5027.jpg 2016w, https:\/\/sy-sindbad.com\/wp-content\/uploads\/2025\/08\/IMG_5027-300x225.jpg 300w, https:\/\/sy-sindbad.com\/wp-content\/uploads\/2025\/08\/IMG_5027-768x576.jpg 768w, https:\/\/sy-sindbad.com\/wp-content\/uploads\/2025\/08\/IMG_5027-1536x1152.jpg 1536w\" sizes=\"auto, (max-width: 767px) 89vw, (max-width: 1000px) 54vw, (max-width: 1071px) 543px, 580px\" \/><\/figure>\n\n\n\n<h2 class=\"wp-block-heading\">Natur- und Klimakrise<\/h2>\n\n\n\n<p>Als Segler m\u00f6chten wir die Natur in ihrer unber\u00fchrten Sch\u00f6nheit erfahren. Tragischerweise ist das heute nicht mehr in derselben Weise m\u00f6glich, wie noch vor wenigen Jahrzehnten. Die&nbsp;<strong>Klimakrise&nbsp;<\/strong>wird von uns Menschen verursacht und beschleunigt. Die Ozeane versauern, die Atmosph\u00e4re ist mit Treibhausgasen belastet, und Hunderte von Tierarten sterben aus. All das geschieht im Handumdrehen \u2013 vor dem Hintergrund der vielen Jahrtausende, die unser Planet gebraucht hat, um sich zu entwickeln und seine Sch\u00f6nheit zu entfalten.<\/p>\n\n\n\n<p>Als Menschen \u2013 und damit als Teil der komplexen Systeme dieser Welt \u2013 m\u00fcssen wir uns unserer Auswirkungen bewusst werden und unser M\u00f6glichstes tun, um die Klimakrise aufzuhalten und die empfindlichen Naturwunder unseres Planeten zu bewahren.<\/p>\n\n\n\n<p>Darum planen wir, die Welt auf saubere Weise zu umsegeln. Auch wenn das nicht immer leicht sein wird, m\u00f6chten wir die faszinierende Natur unseres blauen Planeten erleben, ohne ihr zu schaden. Uns ist dabei bewusst, dass es viele Grenzen gibt, und dass es unm\u00f6glich ist, die durch diese Reise verursachten Emissionen vollst\u00e4ndig auf null zu reduzieren. Doch es geht nicht um Perfektion, sondern um eine gesunde&nbsp;<strong>Balance zwischen Limitationen, Herausforderungen und M\u00f6glichkeiten<\/strong>. Wir versuchen mit &#8222;kleinen&#8220; Ma\u00dfnahmen einen Beitrag zu leisten, ob durch Reparieren, durch unsere Ern\u00e4hrung oder durch M\u00fcllsammeln.<\/p>\n\n\n\n<p>Segeln ist eine historische und \u00f6kologisch vertr\u00e4gliche Form der Fortbewegung und des Transports. Doch die Herstellung vieler moderner Yachten ist nicht auf eine lange Lebensdauer ausgelegt. Beim Verschrotten f\u00e4llt immer mehr giftiger Abfall an. Vor diesem Hintergrund ist&nbsp;<strong>Sindbad&nbsp;<\/strong>selbst einer der gr\u00f6\u00dften Beitr\u00e4ge zur Nachhaltigkeit dieser Reise. 1930 gebaut, hat sie bereits ein langes Leben hinter sich und ist noch immer in einem weitgehend urspr\u00fcnglichen Zustand.<\/p>\n\n\n\n<h2 class=\"wp-block-heading\">Die Reiseroute<\/h2>\n\n\n\n<p><em>Begleitet uns, wenn wir weite Ozeane \u00fcberqueren, unbekannte Gew\u00e4sser durchsegeln und die Wunder dieser Welt entdecken!<\/em><\/p>\n\n\n\n<figure class=\"wp-block-image size-large\"><img loading=\"lazy\" decoding=\"async\" width=\"2560\" height=\"1920\" src=\"https:\/\/sy-sindbad.com\/wp-content\/uploads\/2025\/08\/IMG_3568-scaled.jpg\" alt=\"\" class=\"wp-image-508\" srcset=\"https:\/\/sy-sindbad.com\/wp-content\/uploads\/2025\/08\/IMG_3568-scaled.jpg 2560w, https:\/\/sy-sindbad.com\/wp-content\/uploads\/2025\/08\/IMG_3568-300x225.jpg 300w, https:\/\/sy-sindbad.com\/wp-content\/uploads\/2025\/08\/IMG_3568-768x576.jpg 768w, https:\/\/sy-sindbad.com\/wp-content\/uploads\/2025\/08\/IMG_3568-1536x1152.jpg 1536w, https:\/\/sy-sindbad.com\/wp-content\/uploads\/2025\/08\/IMG_3568-2048x1536.jpg 2048w\" sizes=\"auto, (max-width: 767px) 89vw, (max-width: 1000px) 54vw, (max-width: 1071px) 543px, 580px\" \/><\/figure>\n\n\n\n<p>Unsere Reise wird von&nbsp;<strong>Spontaneit\u00e4t&nbsp;<\/strong>geleitet \u2013 der Wind ist unser Kompass. Das Ziel ist es, den Globus auf saubere und nachhaltige Weise zu umsegeln und bei jedem Schritt die&nbsp;<strong>Faszination des Entdeckens<\/strong>&nbsp;zu sp\u00fcren. Auch wenn wir den Geist des Abenteuers und der Entdeckung leben, haben wir beteits einige Routen im Sinn, die wir unbedingt befahren m\u00f6chten. Wir suchen alternative Wege, die uns n\u00e4her an die ungez\u00e4hmte Sch\u00f6nheit der Natur bringen. Die Magellanstra\u00dfe, die Beagle-Stra\u00dfe und das legend\u00e4re Kap Hoorn, ebenso wie die herausfordernde Drake-Passage, bieten spannende M\u00f6glichkeiten, unsere F\u00e4higkeiten zu erproben und das Segeln in seiner Essenz zu erleben.<\/p>\n\n\n\n<p>Eines der absoluten Traumziele sind die faszinierenden Gal\u00e1pagos-Inseln. Dort kann man die Wunder der Evolution bestaunen und ein tieferes Verst\u00e4ndnis f\u00fcr die empfindlichen \u00d6kosysteme unseres Planeten gewinnen. Von den geht Inseln eine besondere Faszination aus: ein Ort, an dem vielf\u00e4ltige Tier- und Pflanzenarten im Einklang miteinander existieren. In dieser au\u00dfergew\u00f6hnlichen Umgebung entstanden Darwins bahnbrechende Theorien, die uns Menschen einen kleinen Einblick in die&nbsp;<strong>Genialit\u00e4t und Komplexit\u00e4t unserer Natur&nbsp;<\/strong>geben.<\/p>\n\n\n\n<figure class=\"wp-block-image size-full\"><img loading=\"lazy\" decoding=\"async\" width=\"6016\" height=\"4016\" src=\"https:\/\/sy-sindbad.com\/wp-content\/uploads\/2022\/01\/DSC05297.jpg\" alt=\"\" class=\"wp-image-51\" srcset=\"https:\/\/sy-sindbad.com\/wp-content\/uploads\/2022\/01\/DSC05297.jpg 6016w, https:\/\/sy-sindbad.com\/wp-content\/uploads\/2022\/01\/DSC05297-300x200.jpg 300w, https:\/\/sy-sindbad.com\/wp-content\/uploads\/2022\/01\/DSC05297-768x513.jpg 768w, https:\/\/sy-sindbad.com\/wp-content\/uploads\/2022\/01\/DSC05297-1536x1025.jpg 1536w, https:\/\/sy-sindbad.com\/wp-content\/uploads\/2022\/01\/DSC05297-2048x1367.jpg 2048w\" sizes=\"auto, (max-width: 767px) 89vw, (max-width: 1000px) 54vw, (max-width: 1071px) 543px, 580px\" \/><\/figure>\n\n\n\n<h2 class=\"wp-block-heading\">Der Reise folgen<\/h2>\n\n\n\n<p>W\u00e4hrend unserer Reise werden unsere Erlebnisse durch Blogbeitr\u00e4ge und Bilder auf Sindbads&nbsp;<strong>Instagram-Account&nbsp;<\/strong>geteilt. Tauche ein in atemberaubende Landschaften, begegne majest\u00e4tischen Meeresbewohnern und erlebe die&nbsp;<strong>H\u00f6hen und Tiefen des Lebens auf See<\/strong>. Gemeinsam k\u00f6nnen wir die Kraft des Ozeans und die Weite der Welt erfahren \u2013 und uns zugleich daran erinnern, wie wichtig es ist, unsere wertvolle Umwelt zu bewahren.<\/p>\n\n\n\n<figure class=\"wp-block-image size-full\"><img loading=\"lazy\" decoding=\"async\" width=\"540\" height=\"302\" src=\"https:\/\/sy-sindbad.com\/wp-content\/uploads\/2025\/08\/image-7.png\" alt=\"\" class=\"wp-image-488\" srcset=\"https:\/\/sy-sindbad.com\/wp-content\/uploads\/2025\/08\/image-7.png 540w, https:\/\/sy-sindbad.com\/wp-content\/uploads\/2025\/08\/image-7-300x168.png 300w\" sizes=\"auto, (max-width: 540px) 100vw, 540px\" \/><\/figure>\n\n\n\n<p>Begleite uns auf diesem aufregenden Abenteuer und lass uns die Welt gemeinsam entdecken. Folge den Updates, teile unsere Geschichte(n) und lass dich inspirieren.<\/p>\n\n\n\n<p>Es ist eine Ehre, Menschen zeigen zu k\u00f6nnen, dass man die&nbsp;<strong>Sch\u00f6nheit dieser Erde entdecken kann, ohne ihr zu schaden<\/strong>. Gerade heute ist es wichtiger denn je, die Welt und ihr \u00f6kologisches System als Ganzes zu verstehen. Abgelegene Naturorte zu entdecken und die menschlichen Einfl\u00fcsse darauf zu begreifen, ist der beste Weg, das Bewusstsein f\u00fcr die&nbsp;<strong>Bedeutung von Umweltschutz<\/strong>&nbsp;zu st\u00e4rken.<\/p>\n\n\n\n<p><em>Werde Teil dieser Reise!<\/em><\/p>\n\n\n\n<p><\/p>\n","protected":false},"excerpt":{"rendered":"<p>Nachhaltig um die Welt segeln Ein lange gehegter Traum wird wahr: gemeinsam mit Sindbad segeln wir \u00fcber die Ozeane dieser Welt. Ohne festen Zeitplan und ohne festes R\u00fcckkehrdatum. Wir folgen &hellip; <\/p>\n<p class=\"link-more\"><a href=\"https:\/\/sy-sindbad.com\/de\/round-the-world-clean\/\" class=\"more-link\"><span class=\"screen-reader-text\">\u201eBeyond Horizon\u201c <\/span>weiterlesen<\/a><\/p>\n","protected":false},"author":1,"featured_media":51,"parent":0,"menu_order":0,"comment_status":"closed","ping_status":"closed","template":"","meta":{"_monsterinsights_skip_tracking":false,"_monsterinsights_sitenote_active":false,"_monsterinsights_sitenote_note":"","_monsterinsights_sitenote_category":0,"footnotes":""},"class_list":["post-79","page","type-page","status-publish","has-post-thumbnail","hentry"],"translation":{"provider":"WPGlobus","version":"3.0.2","language":"de","enabled_languages":["en","de"],"languages":{"en":{"title":true,"content":true,"excerpt":false},"de":{"title":false,"content":false,"excerpt":false}}},"yoast_head":"<!-- This site is optimized with the Yoast SEO plugin v27.3 - https:\/\/yoast.com\/product\/yoast-seo-wordpress\/ -->\n<title>Beyond Horizon - SailingYacht Sindbad<\/title>\n<meta name=\"robots\" content=\"index, follow, max-snippet:-1, max-image-preview:large, max-video-preview:-1\" \/>\n<link rel=\"canonical\" href=\"http:\/\/sy-sindbad.com\/de\/round-the-world-clean\/\" \/>\n<meta property=\"og:locale\" content=\"de_DE\" \/>\n<meta property=\"og:type\" content=\"article\" \/>\n<meta property=\"og:title\" content=\"Beyond Horizon - SailingYacht Sindbad\" \/>\n<meta property=\"og:url\" content=\"http:\/\/sy-sindbad.com\/de\/round-the-world-clean\/\" \/>\n<meta property=\"og:site_name\" content=\"SailingYacht Sindbad\" \/>\n<meta property=\"article:modified_time\" content=\"2025-10-01T19:39:43+00:00\" \/>\n<meta property=\"og:image\" content=\"http:\/\/sy-sindbad.com\/wp-content\/uploads\/2022\/01\/DSC05297.jpg\" \/>\n\t<meta property=\"og:image:width\" content=\"740\" \/>\n\t<meta property=\"og:image:height\" content=\"494\" \/>\n\t<meta property=\"og:image:type\" content=\"image\/jpeg\" \/>\n<meta name=\"twitter:card\" content=\"summary_large_image\" \/>\n<meta name=\"twitter:label1\" content=\"Gesch\u00e4tzte Lesezeit\" \/>\n\t<meta name=\"twitter:data1\" content=\"5\u00a0Minuten\" \/>\n<script type=\"application\/ld+json\" class=\"yoast-schema-graph\">{\"@context\":\"https:\\\/\\\/schema.org\",\"@graph\":[{\"@type\":\"WebPage\",\"@id\":\"http:\\\/\\\/sy-sindbad.com\\\/de\\\/round-the-world-clean\\\/\",\"url\":\"http:\\\/\\\/sy-sindbad.com\\\/de\\\/round-the-world-clean\\\/\",\"name\":\"Beyond Horizon - SailingYacht Sindbad\",\"isPartOf\":{\"@id\":\"https:\\\/\\\/sy-sindbad.com\\\/de\\\/#website\"},\"primaryImageOfPage\":{\"@id\":\"http:\\\/\\\/sy-sindbad.com\\\/de\\\/round-the-world-clean\\\/#primaryimage\"},\"image\":{\"@id\":\"http:\\\/\\\/sy-sindbad.com\\\/de\\\/round-the-world-clean\\\/#primaryimage\"},\"thumbnailUrl\":\"https:\\\/\\\/sy-sindbad.com\\\/wp-content\\\/uploads\\\/2022\\\/01\\\/DSC05297.jpg\",\"datePublished\":\"2022-02-04T07:54:05+00:00\",\"dateModified\":\"2025-10-01T19:39:43+00:00\",\"breadcrumb\":{\"@id\":\"http:\\\/\\\/sy-sindbad.com\\\/de\\\/round-the-world-clean\\\/#breadcrumb\"},\"inLanguage\":\"de\",\"potentialAction\":[{\"@type\":\"ReadAction\",\"target\":[\"http:\\\/\\\/sy-sindbad.com\\\/de\\\/round-the-world-clean\\\/\"]}]},{\"@type\":\"ImageObject\",\"inLanguage\":\"de\",\"@id\":\"http:\\\/\\\/sy-sindbad.com\\\/de\\\/round-the-world-clean\\\/#primaryimage\",\"url\":\"https:\\\/\\\/sy-sindbad.com\\\/wp-content\\\/uploads\\\/2022\\\/01\\\/DSC05297.jpg\",\"contentUrl\":\"https:\\\/\\\/sy-sindbad.com\\\/wp-content\\\/uploads\\\/2022\\\/01\\\/DSC05297.jpg\",\"width\":6016,\"height\":4016},{\"@type\":\"BreadcrumbList\",\"@id\":\"http:\\\/\\\/sy-sindbad.com\\\/de\\\/round-the-world-clean\\\/#breadcrumb\",\"itemListElement\":[{\"@type\":\"ListItem\",\"position\":1,\"name\":\"Startseite\",\"item\":\"https:\\\/\\\/sy-sindbad.com\\\/de\\\/\"},{\"@type\":\"ListItem\",\"position\":2,\"name\":\"Beyond Horizon\"}]},{\"@type\":\"WebSite\",\"@id\":\"https:\\\/\\\/sy-sindbad.com\\\/de\\\/#website\",\"url\":\"https:\\\/\\\/sy-sindbad.com\\\/de\\\/\",\"name\":\"SailingYacht Sindbad\",\"description\":\"Beyond Horizon\",\"publisher\":{\"@id\":\"https:\\\/\\\/sy-sindbad.com\\\/de\\\/#organization\"},\"potentialAction\":[{\"@type\":\"SearchAction\",\"target\":{\"@type\":\"EntryPoint\",\"urlTemplate\":\"https:\\\/\\\/sy-sindbad.com\\\/de\\\/?s={search_term_string}\"},\"query-input\":{\"@type\":\"PropertyValueSpecification\",\"valueRequired\":true,\"valueName\":\"search_term_string\"}}],\"inLanguage\":\"de\"},{\"@type\":\"Organization\",\"@id\":\"https:\\\/\\\/sy-sindbad.com\\\/de\\\/#organization\",\"name\":\"SailingYacht Sindbad\",\"url\":\"https:\\\/\\\/sy-sindbad.com\\\/de\\\/\",\"logo\":{\"@type\":\"ImageObject\",\"inLanguage\":\"de\",\"@id\":\"https:\\\/\\\/sy-sindbad.com\\\/de\\\/#\\\/schema\\\/logo\\\/image\\\/\",\"url\":\"http:\\\/\\\/sy-sindbad.com\\\/wp-content\\\/uploads\\\/2023\\\/05\\\/DSC05643-scaled.jpg\",\"contentUrl\":\"http:\\\/\\\/sy-sindbad.com\\\/wp-content\\\/uploads\\\/2023\\\/05\\\/DSC05643-scaled.jpg\",\"width\":2560,\"height\":2560,\"caption\":\"SailingYacht Sindbad\"},\"image\":{\"@id\":\"https:\\\/\\\/sy-sindbad.com\\\/de\\\/#\\\/schema\\\/logo\\\/image\\\/\"},\"sameAs\":[\"https:\\\/\\\/www.instagram.com\\\/sysindbad\\\/\"]}]}<\/script>\n<!-- \/ Yoast SEO plugin. -->","yoast_head_json":{"title":"Beyond Horizon - SailingYacht Sindbad","robots":{"index":"index","follow":"follow","max-snippet":"max-snippet:-1","max-image-preview":"max-image-preview:large","max-video-preview":"max-video-preview:-1"},"canonical":"http:\/\/sy-sindbad.com\/de\/round-the-world-clean\/","og_locale":"de_DE","og_type":"article","og_title":"Beyond Horizon - SailingYacht Sindbad","og_url":"http:\/\/sy-sindbad.com\/de\/round-the-world-clean\/","og_site_name":"SailingYacht Sindbad","article_modified_time":"2025-10-01T19:39:43+00:00","og_image":[{"url":"http:\/\/sy-sindbad.com\/wp-content\/uploads\/2022\/01\/DSC05297.jpg","width":740,"height":494,"type":"image\/jpeg"}],"twitter_card":"summary_large_image","twitter_misc":{"Gesch\u00e4tzte Lesezeit":"5\u00a0Minuten"},"schema":{"@context":"https:\/\/schema.org","@graph":[{"@type":"WebPage","@id":"http:\/\/sy-sindbad.com\/de\/round-the-world-clean\/","url":"http:\/\/sy-sindbad.com\/de\/round-the-world-clean\/","name":"Beyond Horizon - SailingYacht Sindbad","isPartOf":{"@id":"https:\/\/sy-sindbad.com\/de\/#website"},"primaryImageOfPage":{"@id":"http:\/\/sy-sindbad.com\/de\/round-the-world-clean\/#primaryimage"},"image":{"@id":"http:\/\/sy-sindbad.com\/de\/round-the-world-clean\/#primaryimage"},"thumbnailUrl":"https:\/\/sy-sindbad.com\/wp-content\/uploads\/2022\/01\/DSC05297.jpg","datePublished":"2022-02-04T07:54:05+00:00","dateModified":"2025-10-01T19:39:43+00:00","breadcrumb":{"@id":"http:\/\/sy-sindbad.com\/de\/round-the-world-clean\/#breadcrumb"},"inLanguage":"de","potentialAction":[{"@type":"ReadAction","target":["http:\/\/sy-sindbad.com\/de\/round-the-world-clean\/"]}]},{"@type":"ImageObject","inLanguage":"de","@id":"http:\/\/sy-sindbad.com\/de\/round-the-world-clean\/#primaryimage","url":"https:\/\/sy-sindbad.com\/wp-content\/uploads\/2022\/01\/DSC05297.jpg","contentUrl":"https:\/\/sy-sindbad.com\/wp-content\/uploads\/2022\/01\/DSC05297.jpg","width":6016,"height":4016},{"@type":"BreadcrumbList","@id":"http:\/\/sy-sindbad.com\/de\/round-the-world-clean\/#breadcrumb","itemListElement":[{"@type":"ListItem","position":1,"name":"Startseite","item":"https:\/\/sy-sindbad.com\/de\/"},{"@type":"ListItem","position":2,"name":"Beyond Horizon"}]},{"@type":"WebSite","@id":"https:\/\/sy-sindbad.com\/de\/#website","url":"https:\/\/sy-sindbad.com\/de\/","name":"SailingYacht Sindbad","description":"Beyond Horizon","publisher":{"@id":"https:\/\/sy-sindbad.com\/de\/#organization"},"potentialAction":[{"@type":"SearchAction","target":{"@type":"EntryPoint","urlTemplate":"https:\/\/sy-sindbad.com\/de\/?s={search_term_string}"},"query-input":{"@type":"PropertyValueSpecification","valueRequired":true,"valueName":"search_term_string"}}],"inLanguage":"de"},{"@type":"Organization","@id":"https:\/\/sy-sindbad.com\/de\/#organization","name":"SailingYacht Sindbad","url":"https:\/\/sy-sindbad.com\/de\/","logo":{"@type":"ImageObject","inLanguage":"de","@id":"https:\/\/sy-sindbad.com\/de\/#\/schema\/logo\/image\/","url":"http:\/\/sy-sindbad.com\/wp-content\/uploads\/2023\/05\/DSC05643-scaled.jpg","contentUrl":"http:\/\/sy-sindbad.com\/wp-content\/uploads\/2023\/05\/DSC05643-scaled.jpg","width":2560,"height":2560,"caption":"SailingYacht Sindbad"},"image":{"@id":"https:\/\/sy-sindbad.com\/de\/#\/schema\/logo\/image\/"},"sameAs":["https:\/\/www.instagram.com\/sysindbad\/"]}]}},"jetpack_sharing_enabled":true,"_links":{"self":[{"href":"https:\/\/sy-sindbad.com\/de\/wp-json\/wp\/v2\/pages\/79","targetHints":{"allow":["GET"]}}],"collection":[{"href":"https:\/\/sy-sindbad.com\/de\/wp-json\/wp\/v2\/pages"}],"about":[{"href":"https:\/\/sy-sindbad.com\/de\/wp-json\/wp\/v2\/types\/page"}],"author":[{"embeddable":true,"href":"https:\/\/sy-sindbad.com\/de\/wp-json\/wp\/v2\/users\/1"}],"replies":[{"embeddable":true,"href":"https:\/\/sy-sindbad.com\/de\/wp-json\/wp\/v2\/comments?post=79"}],"version-history":[{"count":29,"href":"https:\/\/sy-sindbad.com\/de\/wp-json\/wp\/v2\/pages\/79\/revisions"}],"predecessor-version":[{"id":560,"href":"https:\/\/sy-sindbad.com\/de\/wp-json\/wp\/v2\/pages\/79\/revisions\/560"}],"wp:featuredmedia":[{"embeddable":true,"href":"https:\/\/sy-sindbad.com\/de\/wp-json\/wp\/v2\/media\/51"}],"wp:attachment":[{"href":"https:\/\/sy-sindbad.com\/de\/wp-json\/wp\/v2\/media?parent=79"}],"curies":[{"name":"wp","href":"https:\/\/api.w.org\/{rel}","templated":true}]}}